{"id":1129,"date":"2022-08-30T10:57:46","date_gmt":"2022-08-30T08:57:46","guid":{"rendered":"https:\/\/ruth2m.com\/shop\/?post_type=product&#038;p=1129"},"modified":"2022-09-01T20:02:06","modified_gmt":"2022-09-01T18:02:06","slug":"extraescolar-mangaartist-p5-a-2n","status":"publish","type":"product","link":"https:\/\/ruth2m.com\/shop\/?product=extraescolar-mangaartist-p5-a-2n","title":{"rendered":"extraescolar MANGAartist (P5 a 2n)"},"content":{"rendered":"<p><strong>pagament MATR\u00cdCULA i MATERIAL<br \/>\n<\/strong><b>Escola Catalunya (Sabadell)<\/b><\/p>\n<p>Un curs adre\u00e7at a alumnes apassionats pel dibuix i amb ganes de con\u00e8ixer la cultura japonesa.<br \/>\nAmb material de treball especialment dissenyat per aquests cursos i din\u00e0miques de creativitat, els alumnes aprendran la t\u00e8cnica (il\u00b7lustraci\u00f3 i c\u00f2mic) de l&#8217;estil d&#8217;historieta m\u00e9s llegit al m\u00f3n actualment: el MANGA &#8230;i en acabar, entre tots i totes, muntar un projecte final d&#8217;all\u00f2 m\u00e9s motivador!!<\/p>\n<p><strong>MANGAartist (P5 a 2n)<\/strong><br \/>\n<strong>Aprendrem a dibuixar, buscar el nostre propi estil, i con\u00e8ixer les distintes t\u00e8cniques. Des de el joc i amb divertides din\u00e0miques il\u00b7lustrarem divertits personatges, els CHIBI, i ens aproparem a la narrativa manga &#8230;en acabar el curs, entre tots, farem 1 EXPOSICI\u00d3!!<\/strong><\/p>\n<p>\u2800\u2800\u2800\u2800\u2800\u2800\u2800\u2800\u2800<\/p>\n","protected":false},"excerpt":{"rendered":"<p><strong>pagament MATR\u00cdCULA i MATERIAL<br \/>\n<\/strong><b>Escola Catalunya (Sabadell)<\/b><\/p>\n<p>Un curs adre\u00e7at a alumnes apassionats pel dibuix i amb ganes de con\u00e8ixer la cultura japonesa.<br \/>\nAmb material de treball especialment dissenyat per aquests cursos i din\u00e0miques de creativitat, els alumnes aprendran la t\u00e8cnica (il\u00b7lustraci\u00f3 i c\u00f2mic) de l&#8217;estil d&#8217;historieta m\u00e9s llegit al m\u00f3n actualment: el MANGA &#8230;i en acabar, entre tots i totes, muntar un projecte final d&#8217;all\u00f2 m\u00e9s motivador!!<\/p>\n<p><strong>MANGAartist (P5 a 2n)<\/strong><br \/>\n<strong>Aprendrem a dibuixar, buscar el nostre propi estil, i con\u00e8ixer les distintes t\u00e8cniques. Des de el joc i amb divertides din\u00e0miques il\u00b7lustrarem divertits personatges, els CHIBI, i ens aproparem a la narrativa manga &#8230;en acabar el curs, entre tots, farem 1 EXPOSICI\u00d3!!<\/strong><\/p>\n<p>\u2800\u2800\u2800\u2800\u2800\u2800\u2800\u2800\u2800<\/p>\n","protected":false},"featured_media":1130,"comment_status":"open","ping_status":"closed","template":"","meta":{"jetpack_post_was_ever_published":false,"jetpack_publicize_message":"","jetpack_publicize_feature_enabled":true,"jetpack_social_post_already_shared":true,"jetpack_social_options":{"image_generator_settings":{"template":"highway","default_image_id":0,"font":"","enabled":false},"version":2}},"product_brand":[],"product_cat":[15,78],"product_tag":[77],"class_list":{"0":"post-1129","1":"product","2":"type-product","3":"status-publish","4":"has-post-thumbnail","6":"product_cat-ruth2mshop","7":"product_cat-tallerpresencial","8":"product_tag-tallerpresencial","10":"first","11":"instock","12":"virtual","13":"taxable","14":"purchasable","15":"product-type-simple"},"yoast_head":"<!-- This site is optimized with the Yoast SEO plugin v27.2 - https:\/\/yoast.com\/product\/yoast-seo-wordpress\/ -->\n<title>extraescolar MANGAartist (P5 a 2n) - ruth2mSHOP<\/title>\n<meta name=\"description\" content=\"extraescolar MANGAartist (Escola Catalunya Sabadell)\" \/>\n<meta name=\"robots\" content=\"index, follow, max-snippet:-1, max-image-preview:large, max-video-preview:-1\" \/>\n<link rel=\"canonical\" href=\"https:\/\/ruth2m.com\/shop\/?product=extraescolar-mangaartist-p5-a-2n\" \/>\n<meta property=\"og:locale\" content=\"es_ES\" \/>\n<meta property=\"og:type\" content=\"article\" \/>\n<meta property=\"og:title\" content=\"extraescolar MANGAartist (P5 a 2n) - ruth2mSHOP\" \/>\n<meta property=\"og:description\" content=\"extraescolar MANGAartist (Escola Catalunya Sabadell)\" \/>\n<meta property=\"og:url\" content=\"https:\/\/ruth2m.com\/shop\/?product=extraescolar-mangaartist-p5-a-2n\" \/>\n<meta property=\"og:site_name\" content=\"ruth2mSHOP\" \/>\n<meta property=\"article:modified_time\" content=\"2022-09-01T18:02:06+00:00\" \/>\n<meta property=\"og:image\" content=\"https:\/\/ruth2m.com\/shop\/wp-content\/uploads\/2022\/08\/F1D5CACA-428E-4847-A8A4-AE864399AB0B-973x1024.png\" \/>\n\t<meta property=\"og:image:width\" content=\"973\" \/>\n\t<meta property=\"og:image:height\" content=\"1024\" \/>\n\t<meta property=\"og:image:type\" content=\"image\/png\" \/>\n<meta name=\"twitter:card\" content=\"summary_large_image\" \/>\n<meta name=\"twitter:label1\" content=\"Tiempo de lectura\" \/>\n\t<meta name=\"twitter:data1\" content=\"1 minuto\" \/>\n<script type=\"application\/ld+json\" class=\"yoast-schema-graph\">{\"@context\":\"https:\/\/schema.org\",\"@graph\":[{\"@type\":\"WebPage\",\"@id\":\"https:\/\/ruth2m.com\/shop\/?product=extraescolar-mangaartist-p5-a-2n\",\"url\":\"https:\/\/ruth2m.com\/shop\/?product=extraescolar-mangaartist-p5-a-2n\",\"name\":\"extraescolar MANGAartist (P5 a 2n) - ruth2mSHOP\",\"isPartOf\":{\"@id\":\"https:\/\/ruth2m.com\/shop\/#website\"},\"primaryImageOfPage\":{\"@id\":\"https:\/\/ruth2m.com\/shop\/?product=extraescolar-mangaartist-p5-a-2n#primaryimage\"},\"image\":{\"@id\":\"https:\/\/ruth2m.com\/shop\/?product=extraescolar-mangaartist-p5-a-2n#primaryimage\"},\"thumbnailUrl\":\"https:\/\/ruth2m.com\/shop\/wp-content\/uploads\/2022\/08\/F1D5CACA-428E-4847-A8A4-AE864399AB0B.png\",\"datePublished\":\"2022-08-30T08:57:46+00:00\",\"dateModified\":\"2022-09-01T18:02:06+00:00\",\"description\":\"extraescolar MANGAartist (Escola Catalunya Sabadell)\",\"breadcrumb\":{\"@id\":\"https:\/\/ruth2m.com\/shop\/?product=extraescolar-mangaartist-p5-a-2n#breadcrumb\"},\"inLanguage\":\"es\",\"potentialAction\":[{\"@type\":\"ReadAction\",\"target\":[\"https:\/\/ruth2m.com\/shop\/?product=extraescolar-mangaartist-p5-a-2n\"]}]},{\"@type\":\"ImageObject\",\"inLanguage\":\"es\",\"@id\":\"https:\/\/ruth2m.com\/shop\/?product=extraescolar-mangaartist-p5-a-2n#primaryimage\",\"url\":\"https:\/\/ruth2m.com\/shop\/wp-content\/uploads\/2022\/08\/F1D5CACA-428E-4847-A8A4-AE864399AB0B.png\",\"contentUrl\":\"https:\/\/ruth2m.com\/shop\/wp-content\/uploads\/2022\/08\/F1D5CACA-428E-4847-A8A4-AE864399AB0B.png\",\"width\":2992,\"height\":3150,\"caption\":\"extraescolar dibujo MANGAartist\"},{\"@type\":\"BreadcrumbList\",\"@id\":\"https:\/\/ruth2m.com\/shop\/?product=extraescolar-mangaartist-p5-a-2n#breadcrumb\",\"itemListElement\":[{\"@type\":\"ListItem\",\"position\":1,\"name\":\"Portada\",\"item\":\"https:\/\/ruth2m.com\/shop\/\"},{\"@type\":\"ListItem\",\"position\":2,\"name\":\"Shop\",\"item\":\"https:\/\/ruth2m.com\/shop\/?page_id=6\"},{\"@type\":\"ListItem\",\"position\":3,\"name\":\"extraescolar MANGAartist (P5 a 2n)\"}]},{\"@type\":\"WebSite\",\"@id\":\"https:\/\/ruth2m.com\/shop\/#website\",\"url\":\"https:\/\/ruth2m.com\/shop\/\",\"name\":\"ruth2mSHOP\",\"description\":\"PAPELERIA BONITA y stickers KAWAII, soluciones para FAMILIAS, regalos originales y personalizados, TALLERES de dibujo y c\u00f3mic MANGA\",\"potentialAction\":[{\"@type\":\"SearchAction\",\"target\":{\"@type\":\"EntryPoint\",\"urlTemplate\":\"https:\/\/ruth2m.com\/shop\/?s={search_term_string}\"},\"query-input\":{\"@type\":\"PropertyValueSpecification\",\"valueRequired\":true,\"valueName\":\"search_term_string\"}}],\"inLanguage\":\"es\"}]}<\/script>\n<!-- \/ Yoast SEO plugin. -->","yoast_head_json":{"title":"extraescolar MANGAartist (P5 a 2n) - ruth2mSHOP","description":"extraescolar MANGAartist (Escola Catalunya Sabadell)","robots":{"index":"index","follow":"follow","max-snippet":"max-snippet:-1","max-image-preview":"max-image-preview:large","max-video-preview":"max-video-preview:-1"},"canonical":"https:\/\/ruth2m.com\/shop\/?product=extraescolar-mangaartist-p5-a-2n","og_locale":"es_ES","og_type":"article","og_title":"extraescolar MANGAartist (P5 a 2n) - ruth2mSHOP","og_description":"extraescolar MANGAartist (Escola Catalunya Sabadell)","og_url":"https:\/\/ruth2m.com\/shop\/?product=extraescolar-mangaartist-p5-a-2n","og_site_name":"ruth2mSHOP","article_modified_time":"2022-09-01T18:02:06+00:00","og_image":[{"width":973,"height":1024,"url":"https:\/\/ruth2m.com\/shop\/wp-content\/uploads\/2022\/08\/F1D5CACA-428E-4847-A8A4-AE864399AB0B-973x1024.png","type":"image\/png"}],"twitter_card":"summary_large_image","twitter_misc":{"Tiempo de lectura":"1 minuto"},"schema":{"@context":"https:\/\/schema.org","@graph":[{"@type":"WebPage","@id":"https:\/\/ruth2m.com\/shop\/?product=extraescolar-mangaartist-p5-a-2n","url":"https:\/\/ruth2m.com\/shop\/?product=extraescolar-mangaartist-p5-a-2n","name":"extraescolar MANGAartist (P5 a 2n) - ruth2mSHOP","isPartOf":{"@id":"https:\/\/ruth2m.com\/shop\/#website"},"primaryImageOfPage":{"@id":"https:\/\/ruth2m.com\/shop\/?product=extraescolar-mangaartist-p5-a-2n#primaryimage"},"image":{"@id":"https:\/\/ruth2m.com\/shop\/?product=extraescolar-mangaartist-p5-a-2n#primaryimage"},"thumbnailUrl":"https:\/\/ruth2m.com\/shop\/wp-content\/uploads\/2022\/08\/F1D5CACA-428E-4847-A8A4-AE864399AB0B.png","datePublished":"2022-08-30T08:57:46+00:00","dateModified":"2022-09-01T18:02:06+00:00","description":"extraescolar MANGAartist (Escola Catalunya Sabadell)","breadcrumb":{"@id":"https:\/\/ruth2m.com\/shop\/?product=extraescolar-mangaartist-p5-a-2n#breadcrumb"},"inLanguage":"es","potentialAction":[{"@type":"ReadAction","target":["https:\/\/ruth2m.com\/shop\/?product=extraescolar-mangaartist-p5-a-2n"]}]},{"@type":"ImageObject","inLanguage":"es","@id":"https:\/\/ruth2m.com\/shop\/?product=extraescolar-mangaartist-p5-a-2n#primaryimage","url":"https:\/\/ruth2m.com\/shop\/wp-content\/uploads\/2022\/08\/F1D5CACA-428E-4847-A8A4-AE864399AB0B.png","contentUrl":"https:\/\/ruth2m.com\/shop\/wp-content\/uploads\/2022\/08\/F1D5CACA-428E-4847-A8A4-AE864399AB0B.png","width":2992,"height":3150,"caption":"extraescolar dibujo MANGAartist"},{"@type":"BreadcrumbList","@id":"https:\/\/ruth2m.com\/shop\/?product=extraescolar-mangaartist-p5-a-2n#breadcrumb","itemListElement":[{"@type":"ListItem","position":1,"name":"Portada","item":"https:\/\/ruth2m.com\/shop\/"},{"@type":"ListItem","position":2,"name":"Shop","item":"https:\/\/ruth2m.com\/shop\/?page_id=6"},{"@type":"ListItem","position":3,"name":"extraescolar MANGAartist (P5 a 2n)"}]},{"@type":"WebSite","@id":"https:\/\/ruth2m.com\/shop\/#website","url":"https:\/\/ruth2m.com\/shop\/","name":"ruth2mSHOP","description":"PAPELERIA BONITA y stickers KAWAII, soluciones para FAMILIAS, regalos originales y personalizados, TALLERES de dibujo y c\u00f3mic MANGA","potentialAction":[{"@type":"SearchAction","target":{"@type":"EntryPoint","urlTemplate":"https:\/\/ruth2m.com\/shop\/?s={search_term_string}"},"query-input":{"@type":"PropertyValueSpecification","valueRequired":true,"valueName":"search_term_string"}}],"inLanguage":"es"}]}},"jetpack_publicize_connections":[],"jetpack_sharing_enabled":true,"_links":{"self":[{"href":"https:\/\/ruth2m.com\/shop\/index.php?rest_route=\/wp\/v2\/product\/1129","targetHints":{"allow":["GET"]}}],"collection":[{"href":"https:\/\/ruth2m.com\/shop\/index.php?rest_route=\/wp\/v2\/product"}],"about":[{"href":"https:\/\/ruth2m.com\/shop\/index.php?rest_route=\/wp\/v2\/types\/product"}],"replies":[{"embeddable":true,"href":"https:\/\/ruth2m.com\/shop\/index.php?rest_route=%2Fwp%2Fv2%2Fcomments&post=1129"}],"wp:featuredmedia":[{"embeddable":true,"href":"https:\/\/ruth2m.com\/shop\/index.php?rest_route=\/wp\/v2\/media\/1130"}],"wp:attachment":[{"href":"https:\/\/ruth2m.com\/shop\/index.php?rest_route=%2Fwp%2Fv2%2Fmedia&parent=1129"}],"wp:term":[{"taxonomy":"product_brand","embeddable":true,"href":"https:\/\/ruth2m.com\/shop\/index.php?rest_route=%2Fwp%2Fv2%2Fproduct_brand&post=1129"},{"taxonomy":"product_cat","embeddable":true,"href":"https:\/\/ruth2m.com\/shop\/index.php?rest_route=%2Fwp%2Fv2%2Fproduct_cat&post=1129"},{"taxonomy":"product_tag","embeddable":true,"href":"https:\/\/ruth2m.com\/shop\/index.php?rest_route=%2Fwp%2Fv2%2Fproduct_tag&post=1129"}],"curies":[{"name":"wp","href":"https:\/\/api.w.org\/{rel}","templated":true}]}}