{"id":1164,"date":"2022-09-20T15:30:01","date_gmt":"2022-09-20T13:30:01","guid":{"rendered":"https:\/\/ruth2m.com\/shop\/?post_type=product&#038;p=1164"},"modified":"2023-04-23T13:05:36","modified_gmt":"2023-04-23T11:05:36","slug":"anual-curs2022-23-bemangaka","status":"publish","type":"product","link":"https:\/\/ruth2m.com\/shop\/?product=anual-curs2022-23-bemangaka","title":{"rendered":"ANUAL curs2022\/23 &#8211; beMANGAKA"},"content":{"rendered":"<p><strong>pagament ANUAL curs2022\/23<br \/>\n<\/strong><b>Escola Catalunya (Sabadell)<\/b><\/p>\n<p>Un curs adre\u00e7at a alumnes apassionats pel dibuix i amb ganes de con\u00e8ixer la cultura japonesa.<br \/>\nAmb material de treball especialment dissenyat per aquests cursos i din\u00e0miques de creativitat, els alumnes aprendran la t\u00e8cnica (il\u00b7lustraci\u00f3 i c\u00f2mic) de l&#8217;estil d&#8217;historieta m\u00e9s llegit al m\u00f3n actualment: el MANGA &#8230;i en acabar, entre tots i totes, muntar un projecte final d&#8217;all\u00f2 m\u00e9s motivador!!<\/p>\n<p><strong>beMANGAKA (3r a 6\u00e8)<\/strong><br \/>\n<strong>Aprendrem a dibuixar, buscar el nostre propi estil, i con\u00e8ixer les distintes t\u00e8cniques. Crearem els nostres personatges, i ens endinsarem a la narrativa MANGA tot creant el nostre c\u00f2mic manga &#8230;en acabar el curs, amb totes les nostres hist\u00f2ries, crearem 1 FANZINE!!<\/strong><\/p>\n","protected":false},"excerpt":{"rendered":"<p><strong>pagament ANUAL curs2022\/23<br \/>\n<\/strong><b>Escola Catalunya (Sabadell)<\/b><\/p>\n<p>Un curs adre\u00e7at a alumnes apassionats pel dibuix i amb ganes de con\u00e8ixer la cultura japonesa.<br \/>\nAmb material de treball especialment dissenyat per aquests cursos i din\u00e0miques de creativitat, els alumnes aprendran la t\u00e8cnica (il\u00b7lustraci\u00f3 i c\u00f2mic) de l&#8217;estil d&#8217;historieta m\u00e9s llegit al m\u00f3n actualment: el MANGA &#8230;i en acabar, entre tots i totes, muntar un projecte final d&#8217;all\u00f2 m\u00e9s motivador!!<\/p>\n<p><strong>beMANGAKA (3r a 6\u00e8)<\/strong><br \/>\n<strong>Aprendrem a dibuixar, buscar el nostre propi estil, i con\u00e8ixer les distintes t\u00e8cniques. Crearem els nostres personatges, i ens endinsarem a la narrativa MANGA tot creant el nostre c\u00f2mic manga &#8230;en acabar el curs, amb totes les nostres hist\u00f2ries, crearem 1 FANZINE!!<\/strong><\/p>\n","protected":false},"featured_media":1172,"comment_status":"open","ping_status":"closed","template":"","meta":{"jetpack_post_was_ever_published":false,"jetpack_publicize_message":"","jetpack_publicize_feature_enabled":true,"jetpack_social_post_already_shared":true,"jetpack_social_options":{"image_generator_settings":{"template":"highway","default_image_id":0,"font":"","enabled":false},"version":2}},"product_brand":[],"product_cat":[78],"product_tag":[],"class_list":{"0":"post-1164","1":"product","2":"type-product","3":"status-publish","4":"has-post-thumbnail","6":"product_cat-tallerpresencial","8":"first","9":"instock","10":"virtual","11":"taxable","12":"purchasable","13":"product-type-simple"},"yoast_head":"<!-- This site is optimized with the Yoast SEO plugin v27.4 - https:\/\/yoast.com\/product\/yoast-seo-wordpress\/ -->\n<title>ANUAL curs2022\/23 - beMANGAKA - ruth2mSHOP<\/title>\n<meta name=\"robots\" content=\"index, follow, max-snippet:-1, max-image-preview:large, max-video-preview:-1\" \/>\n<link rel=\"canonical\" href=\"https:\/\/ruth2m.com\/shop\/?product=anual-curs2022-23-bemangaka\" \/>\n<meta property=\"og:locale\" content=\"es_ES\" \/>\n<meta property=\"og:type\" content=\"article\" \/>\n<meta property=\"og:title\" content=\"ANUAL curs2022\/23 - beMANGAKA - ruth2mSHOP\" \/>\n<meta property=\"og:description\" content=\"pagament ANUAL curs2022\/23 Escola Catalunya (Sabadell)  Un curs adre\u00e7at a alumnes apassionats pel dibuix i amb ganes de con\u00e8ixer la cultura japonesa. Amb material de treball especialment dissenyat per aquests cursos i din\u00e0miques de creativitat, els alumnes aprendran la t\u00e8cnica (il\u00b7lustraci\u00f3 i c\u00f2mic) de l&#039;estil d&#039;historieta m\u00e9s llegit al m\u00f3n actualment: el MANGA ...i en acabar, entre tots i totes, muntar un projecte final d&#039;all\u00f2 m\u00e9s motivador!!  beMANGAKA (3r a 6\u00e8) Aprendrem a dibuixar, buscar el nostre propi estil, i con\u00e8ixer les distintes t\u00e8cniques. Crearem els nostres personatges, i ens endinsarem a la narrativa MANGA tot creant el nostre c\u00f2mic manga ...en acabar el curs, amb totes les nostres hist\u00f2ries, crearem 1 FANZINE!!\" \/>\n<meta property=\"og:url\" content=\"https:\/\/ruth2m.com\/shop\/?product=anual-curs2022-23-bemangaka\" \/>\n<meta property=\"og:site_name\" content=\"ruth2mSHOP\" \/>\n<meta property=\"article:modified_time\" content=\"2023-04-23T11:05:36+00:00\" \/>\n<meta property=\"og:image\" content=\"https:\/\/ruth2m.com\/shop\/wp-content\/uploads\/2022\/09\/beMANGAKA_IMG05.jpg\" \/>\n\t<meta property=\"og:image:width\" content=\"1600\" \/>\n\t<meta property=\"og:image:height\" content=\"1600\" \/>\n\t<meta property=\"og:image:type\" content=\"image\/jpeg\" \/>\n<meta name=\"twitter:card\" content=\"summary_large_image\" \/>\n<meta name=\"twitter:label1\" content=\"Tiempo de lectura\" \/>\n\t<meta name=\"twitter:data1\" content=\"1 minuto\" \/>\n<script type=\"application\/ld+json\" class=\"yoast-schema-graph\">{\"@context\":\"https:\\\/\\\/schema.org\",\"@graph\":[{\"@type\":\"WebPage\",\"@id\":\"https:\\\/\\\/ruth2m.com\\\/shop\\\/?product=anual-curs2022-23-bemangaka\",\"url\":\"https:\\\/\\\/ruth2m.com\\\/shop\\\/?product=anual-curs2022-23-bemangaka\",\"name\":\"ANUAL curs2022\\\/23 - beMANGAKA - ruth2mSHOP\",\"isPartOf\":{\"@id\":\"https:\\\/\\\/ruth2m.com\\\/shop\\\/#website\"},\"primaryImageOfPage\":{\"@id\":\"https:\\\/\\\/ruth2m.com\\\/shop\\\/?product=anual-curs2022-23-bemangaka#primaryimage\"},\"image\":{\"@id\":\"https:\\\/\\\/ruth2m.com\\\/shop\\\/?product=anual-curs2022-23-bemangaka#primaryimage\"},\"thumbnailUrl\":\"https:\\\/\\\/ruth2m.com\\\/shop\\\/wp-content\\\/uploads\\\/2022\\\/09\\\/beMANGAKA_IMG05.jpg\",\"datePublished\":\"2022-09-20T13:30:01+00:00\",\"dateModified\":\"2023-04-23T11:05:36+00:00\",\"breadcrumb\":{\"@id\":\"https:\\\/\\\/ruth2m.com\\\/shop\\\/?product=anual-curs2022-23-bemangaka#breadcrumb\"},\"inLanguage\":\"es\",\"potentialAction\":[{\"@type\":\"ReadAction\",\"target\":[\"https:\\\/\\\/ruth2m.com\\\/shop\\\/?product=anual-curs2022-23-bemangaka\"]}]},{\"@type\":\"ImageObject\",\"inLanguage\":\"es\",\"@id\":\"https:\\\/\\\/ruth2m.com\\\/shop\\\/?product=anual-curs2022-23-bemangaka#primaryimage\",\"url\":\"https:\\\/\\\/ruth2m.com\\\/shop\\\/wp-content\\\/uploads\\\/2022\\\/09\\\/beMANGAKA_IMG05.jpg\",\"contentUrl\":\"https:\\\/\\\/ruth2m.com\\\/shop\\\/wp-content\\\/uploads\\\/2022\\\/09\\\/beMANGAKA_IMG05.jpg\",\"width\":1600,\"height\":1600,\"caption\":\"beMANGAKA_IMG05\"},{\"@type\":\"BreadcrumbList\",\"@id\":\"https:\\\/\\\/ruth2m.com\\\/shop\\\/?product=anual-curs2022-23-bemangaka#breadcrumb\",\"itemListElement\":[{\"@type\":\"ListItem\",\"position\":1,\"name\":\"Portada\",\"item\":\"https:\\\/\\\/ruth2m.com\\\/shop\\\/\"},{\"@type\":\"ListItem\",\"position\":2,\"name\":\"Shop\",\"item\":\"https:\\\/\\\/ruth2m.com\\\/shop\\\/?page_id=6\"},{\"@type\":\"ListItem\",\"position\":3,\"name\":\"ANUAL curs2022\\\/23 &#8211; beMANGAKA\"}]},{\"@type\":\"WebSite\",\"@id\":\"https:\\\/\\\/ruth2m.com\\\/shop\\\/#website\",\"url\":\"https:\\\/\\\/ruth2m.com\\\/shop\\\/\",\"name\":\"ruth2mSHOP\",\"description\":\"PAPELERIA BONITA y stickers KAWAII, soluciones para FAMILIAS, regalos originales y personalizados, TALLERES de dibujo y c\u00f3mic MANGA\",\"potentialAction\":[{\"@type\":\"SearchAction\",\"target\":{\"@type\":\"EntryPoint\",\"urlTemplate\":\"https:\\\/\\\/ruth2m.com\\\/shop\\\/?s={search_term_string}\"},\"query-input\":{\"@type\":\"PropertyValueSpecification\",\"valueRequired\":true,\"valueName\":\"search_term_string\"}}],\"inLanguage\":\"es\"}]}<\/script>\n<!-- \/ Yoast SEO plugin. -->","yoast_head_json":{"title":"ANUAL curs2022\/23 - beMANGAKA - ruth2mSHOP","robots":{"index":"index","follow":"follow","max-snippet":"max-snippet:-1","max-image-preview":"max-image-preview:large","max-video-preview":"max-video-preview:-1"},"canonical":"https:\/\/ruth2m.com\/shop\/?product=anual-curs2022-23-bemangaka","og_locale":"es_ES","og_type":"article","og_title":"ANUAL curs2022\/23 - beMANGAKA - ruth2mSHOP","og_description":"pagament ANUAL curs2022\/23 Escola Catalunya (Sabadell)  Un curs adre\u00e7at a alumnes apassionats pel dibuix i amb ganes de con\u00e8ixer la cultura japonesa. Amb material de treball especialment dissenyat per aquests cursos i din\u00e0miques de creativitat, els alumnes aprendran la t\u00e8cnica (il\u00b7lustraci\u00f3 i c\u00f2mic) de l'estil d'historieta m\u00e9s llegit al m\u00f3n actualment: el MANGA ...i en acabar, entre tots i totes, muntar un projecte final d'all\u00f2 m\u00e9s motivador!!  beMANGAKA (3r a 6\u00e8) Aprendrem a dibuixar, buscar el nostre propi estil, i con\u00e8ixer les distintes t\u00e8cniques. Crearem els nostres personatges, i ens endinsarem a la narrativa MANGA tot creant el nostre c\u00f2mic manga ...en acabar el curs, amb totes les nostres hist\u00f2ries, crearem 1 FANZINE!!","og_url":"https:\/\/ruth2m.com\/shop\/?product=anual-curs2022-23-bemangaka","og_site_name":"ruth2mSHOP","article_modified_time":"2023-04-23T11:05:36+00:00","og_image":[{"width":1600,"height":1600,"url":"https:\/\/ruth2m.com\/shop\/wp-content\/uploads\/2022\/09\/beMANGAKA_IMG05.jpg","type":"image\/jpeg"}],"twitter_card":"summary_large_image","twitter_misc":{"Tiempo de lectura":"1 minuto"},"schema":{"@context":"https:\/\/schema.org","@graph":[{"@type":"WebPage","@id":"https:\/\/ruth2m.com\/shop\/?product=anual-curs2022-23-bemangaka","url":"https:\/\/ruth2m.com\/shop\/?product=anual-curs2022-23-bemangaka","name":"ANUAL curs2022\/23 - beMANGAKA - ruth2mSHOP","isPartOf":{"@id":"https:\/\/ruth2m.com\/shop\/#website"},"primaryImageOfPage":{"@id":"https:\/\/ruth2m.com\/shop\/?product=anual-curs2022-23-bemangaka#primaryimage"},"image":{"@id":"https:\/\/ruth2m.com\/shop\/?product=anual-curs2022-23-bemangaka#primaryimage"},"thumbnailUrl":"https:\/\/ruth2m.com\/shop\/wp-content\/uploads\/2022\/09\/beMANGAKA_IMG05.jpg","datePublished":"2022-09-20T13:30:01+00:00","dateModified":"2023-04-23T11:05:36+00:00","breadcrumb":{"@id":"https:\/\/ruth2m.com\/shop\/?product=anual-curs2022-23-bemangaka#breadcrumb"},"inLanguage":"es","potentialAction":[{"@type":"ReadAction","target":["https:\/\/ruth2m.com\/shop\/?product=anual-curs2022-23-bemangaka"]}]},{"@type":"ImageObject","inLanguage":"es","@id":"https:\/\/ruth2m.com\/shop\/?product=anual-curs2022-23-bemangaka#primaryimage","url":"https:\/\/ruth2m.com\/shop\/wp-content\/uploads\/2022\/09\/beMANGAKA_IMG05.jpg","contentUrl":"https:\/\/ruth2m.com\/shop\/wp-content\/uploads\/2022\/09\/beMANGAKA_IMG05.jpg","width":1600,"height":1600,"caption":"beMANGAKA_IMG05"},{"@type":"BreadcrumbList","@id":"https:\/\/ruth2m.com\/shop\/?product=anual-curs2022-23-bemangaka#breadcrumb","itemListElement":[{"@type":"ListItem","position":1,"name":"Portada","item":"https:\/\/ruth2m.com\/shop\/"},{"@type":"ListItem","position":2,"name":"Shop","item":"https:\/\/ruth2m.com\/shop\/?page_id=6"},{"@type":"ListItem","position":3,"name":"ANUAL curs2022\/23 &#8211; beMANGAKA"}]},{"@type":"WebSite","@id":"https:\/\/ruth2m.com\/shop\/#website","url":"https:\/\/ruth2m.com\/shop\/","name":"ruth2mSHOP","description":"PAPELERIA BONITA y stickers KAWAII, soluciones para FAMILIAS, regalos originales y personalizados, TALLERES de dibujo y c\u00f3mic MANGA","potentialAction":[{"@type":"SearchAction","target":{"@type":"EntryPoint","urlTemplate":"https:\/\/ruth2m.com\/shop\/?s={search_term_string}"},"query-input":{"@type":"PropertyValueSpecification","valueRequired":true,"valueName":"search_term_string"}}],"inLanguage":"es"}]}},"jetpack_publicize_connections":[],"jetpack_sharing_enabled":true,"_links":{"self":[{"href":"https:\/\/ruth2m.com\/shop\/index.php?rest_route=\/wp\/v2\/product\/1164","targetHints":{"allow":["GET"]}}],"collection":[{"href":"https:\/\/ruth2m.com\/shop\/index.php?rest_route=\/wp\/v2\/product"}],"about":[{"href":"https:\/\/ruth2m.com\/shop\/index.php?rest_route=\/wp\/v2\/types\/product"}],"replies":[{"embeddable":true,"href":"https:\/\/ruth2m.com\/shop\/index.php?rest_route=%2Fwp%2Fv2%2Fcomments&post=1164"}],"wp:featuredmedia":[{"embeddable":true,"href":"https:\/\/ruth2m.com\/shop\/index.php?rest_route=\/wp\/v2\/media\/1172"}],"wp:attachment":[{"href":"https:\/\/ruth2m.com\/shop\/index.php?rest_route=%2Fwp%2Fv2%2Fmedia&parent=1164"}],"wp:term":[{"taxonomy":"product_brand","embeddable":true,"href":"https:\/\/ruth2m.com\/shop\/index.php?rest_route=%2Fwp%2Fv2%2Fproduct_brand&post=1164"},{"taxonomy":"product_cat","embeddable":true,"href":"https:\/\/ruth2m.com\/shop\/index.php?rest_route=%2Fwp%2Fv2%2Fproduct_cat&post=1164"},{"taxonomy":"product_tag","embeddable":true,"href":"https:\/\/ruth2m.com\/shop\/index.php?rest_route=%2Fwp%2Fv2%2Fproduct_tag&post=1164"}],"curies":[{"name":"wp","href":"https:\/\/api.w.org\/{rel}","templated":true}]}}