{"id":13,"date":"2019-10-08T10:40:15","date_gmt":"2019-10-08T08:40:15","guid":{"rendered":"http:\/\/ruth2m.com\/shop\/?post_type=product&#038;p=13"},"modified":"2022-04-11T01:26:36","modified_gmt":"2022-04-10T23:26:36","slug":"mantadepicnic-carstrains","status":"publish","type":"product","link":"https:\/\/ruth2m.com\/shop\/?product=mantadepicnic-carstrains","title":{"rendered":"MANTAdeP\u00cdCNIC Cars&#038;Trains"},"content":{"rendered":"<p>Unas mantas grandes (<em>en las que poder tumbarse toda la familia<\/em>) con las que\u00a0poder transportar juguetes de gran tama\u00f1o\u00a0(<em>adem\u00e1s de v\u00edas y carreteras para imaginar circuitos y jugarlos con sus coches<\/em>) y fomentar su imaginaci\u00f3n, pues son\u00a0<strong>#Juegos2D<\/strong>\u00a0donde la perspectiva es simulada.\u00a0Juegos de Mesa, tradicionales e imaginativos, que puedas jugar utilizando como fichas elementos de la naturaleza.<\/p>\n","protected":false},"excerpt":{"rendered":"<p>Unas mantas grandes (<em>en las que poder tumbarse toda la familia<\/em>) con las que\u00a0poder transportar juguetes de gran tama\u00f1o\u00a0(<em>adem\u00e1s de v\u00edas y carreteras para imaginar circuitos y jugarlos con sus coches<\/em>) y fomentar su imaginaci\u00f3n, pues son\u00a0<strong>#Juegos2D<\/strong>\u00a0donde la perspectiva es simulada.\u00a0Juegos de Mesa, tradicionales e imaginativos, que puedas jugar utilizando como fichas elementos de la naturaleza.<\/p>\n","protected":false},"featured_media":232,"comment_status":"open","ping_status":"closed","template":"","meta":{"jetpack_post_was_ever_published":false,"jetpack_publicize_message":"","jetpack_publicize_feature_enabled":true,"jetpack_social_post_already_shared":true,"jetpack_social_options":{"image_generator_settings":{"template":"highway","default_image_id":0,"font":"","enabled":false},"version":2}},"product_brand":[],"product_cat":[16],"product_tag":[52,50,37,34,33,32,35,51],"class_list":{"0":"post-13","1":"product","2":"type-product","3":"status-publish","4":"has-post-thumbnail","6":"product_cat-mantadepicnic","7":"product_tag-brio","8":"product_tag-coches","9":"product_tag-games","10":"product_tag-juegos","11":"product_tag-juguetes","12":"product_tag-mantadejuego","13":"product_tag-ninos","14":"product_tag-trenes","16":"first","17":"onbackorder","18":"taxable","19":"shipping-taxable","20":"purchasable","21":"product-type-simple"},"yoast_head":"<!-- This site is optimized with the Yoast SEO plugin v27.2 - https:\/\/yoast.com\/product\/yoast-seo-wordpress\/ -->\n<title>MANTAdeP\u00cdCNIC Cars&amp;Trains - ruth2mSHOP<\/title>\n<meta name=\"robots\" content=\"index, follow, max-snippet:-1, max-image-preview:large, max-video-preview:-1\" \/>\n<link rel=\"canonical\" href=\"https:\/\/ruth2m.com\/shop\/?product=mantadepicnic-carstrains\" \/>\n<meta property=\"og:locale\" content=\"es_ES\" \/>\n<meta property=\"og:type\" content=\"article\" \/>\n<meta property=\"og:title\" content=\"MANTAdeP\u00cdCNIC Cars&amp;Trains - ruth2mSHOP\" \/>\n<meta property=\"og:description\" content=\"Unas mantas grandes (en las que poder tumbarse toda la familia) con las que\u00a0poder transportar juguetes de gran tama\u00f1o\u00a0(adem\u00e1s de v\u00edas y carreteras para imaginar circuitos y jugarlos con sus coches) y fomentar su imaginaci\u00f3n, pues son\u00a0#Juegos2D\u00a0donde la perspectiva es simulada.\u00a0Juegos de Mesa, tradicionales e imaginativos, que puedas jugar utilizando como fichas elementos de la naturaleza.\" \/>\n<meta property=\"og:url\" content=\"https:\/\/ruth2m.com\/shop\/?product=mantadepicnic-carstrains\" \/>\n<meta property=\"og:site_name\" content=\"ruth2mSHOP\" \/>\n<meta property=\"article:modified_time\" content=\"2022-04-10T23:26:36+00:00\" \/>\n<meta property=\"og:image\" content=\"https:\/\/ruth2m.com\/shop\/wp-content\/uploads\/2020\/08\/MANTAdePICNIC_CarsTrains_IMG03.jpg\" \/>\n\t<meta property=\"og:image:width\" content=\"800\" \/>\n\t<meta property=\"og:image:height\" content=\"800\" \/>\n\t<meta property=\"og:image:type\" content=\"image\/jpeg\" \/>\n<meta name=\"twitter:card\" content=\"summary_large_image\" \/>\n<script type=\"application\/ld+json\" class=\"yoast-schema-graph\">{\"@context\":\"https:\/\/schema.org\",\"@graph\":[{\"@type\":\"WebPage\",\"@id\":\"https:\/\/ruth2m.com\/shop\/?product=mantadepicnic-carstrains\",\"url\":\"https:\/\/ruth2m.com\/shop\/?product=mantadepicnic-carstrains\",\"name\":\"MANTAdeP\u00cdCNIC Cars&Trains - ruth2mSHOP\",\"isPartOf\":{\"@id\":\"https:\/\/ruth2m.com\/shop\/#website\"},\"primaryImageOfPage\":{\"@id\":\"https:\/\/ruth2m.com\/shop\/?product=mantadepicnic-carstrains#primaryimage\"},\"image\":{\"@id\":\"https:\/\/ruth2m.com\/shop\/?product=mantadepicnic-carstrains#primaryimage\"},\"thumbnailUrl\":\"https:\/\/ruth2m.com\/shop\/wp-content\/uploads\/2020\/08\/MANTAdePICNIC_CarsTrains_IMG03.jpg\",\"datePublished\":\"2019-10-08T08:40:15+00:00\",\"dateModified\":\"2022-04-10T23:26:36+00:00\",\"breadcrumb\":{\"@id\":\"https:\/\/ruth2m.com\/shop\/?product=mantadepicnic-carstrains#breadcrumb\"},\"inLanguage\":\"es\",\"potentialAction\":[{\"@type\":\"ReadAction\",\"target\":[\"https:\/\/ruth2m.com\/shop\/?product=mantadepicnic-carstrains\"]}]},{\"@type\":\"ImageObject\",\"inLanguage\":\"es\",\"@id\":\"https:\/\/ruth2m.com\/shop\/?product=mantadepicnic-carstrains#primaryimage\",\"url\":\"https:\/\/ruth2m.com\/shop\/wp-content\/uploads\/2020\/08\/MANTAdePICNIC_CarsTrains_IMG03.jpg\",\"contentUrl\":\"https:\/\/ruth2m.com\/shop\/wp-content\/uploads\/2020\/08\/MANTAdePICNIC_CarsTrains_IMG03.jpg\",\"width\":800,\"height\":800},{\"@type\":\"BreadcrumbList\",\"@id\":\"https:\/\/ruth2m.com\/shop\/?product=mantadepicnic-carstrains#breadcrumb\",\"itemListElement\":[{\"@type\":\"ListItem\",\"position\":1,\"name\":\"Portada\",\"item\":\"https:\/\/ruth2m.com\/shop\/\"},{\"@type\":\"ListItem\",\"position\":2,\"name\":\"Shop\",\"item\":\"https:\/\/ruth2m.com\/shop\/?page_id=6\"},{\"@type\":\"ListItem\",\"position\":3,\"name\":\"MANTAdeP\u00cdCNIC Cars&#038;Trains\"}]},{\"@type\":\"WebSite\",\"@id\":\"https:\/\/ruth2m.com\/shop\/#website\",\"url\":\"https:\/\/ruth2m.com\/shop\/\",\"name\":\"ruth2mSHOP\",\"description\":\"PAPELERIA BONITA y stickers KAWAII, soluciones para FAMILIAS, regalos originales y personalizados, TALLERES de dibujo y c\u00f3mic MANGA\",\"potentialAction\":[{\"@type\":\"SearchAction\",\"target\":{\"@type\":\"EntryPoint\",\"urlTemplate\":\"https:\/\/ruth2m.com\/shop\/?s={search_term_string}\"},\"query-input\":{\"@type\":\"PropertyValueSpecification\",\"valueRequired\":true,\"valueName\":\"search_term_string\"}}],\"inLanguage\":\"es\"}]}<\/script>\n<!-- \/ Yoast SEO plugin. -->","yoast_head_json":{"title":"MANTAdeP\u00cdCNIC Cars&Trains - ruth2mSHOP","robots":{"index":"index","follow":"follow","max-snippet":"max-snippet:-1","max-image-preview":"max-image-preview:large","max-video-preview":"max-video-preview:-1"},"canonical":"https:\/\/ruth2m.com\/shop\/?product=mantadepicnic-carstrains","og_locale":"es_ES","og_type":"article","og_title":"MANTAdeP\u00cdCNIC Cars&Trains - ruth2mSHOP","og_description":"Unas mantas grandes (en las que poder tumbarse toda la familia) con las que\u00a0poder transportar juguetes de gran tama\u00f1o\u00a0(adem\u00e1s de v\u00edas y carreteras para imaginar circuitos y jugarlos con sus coches) y fomentar su imaginaci\u00f3n, pues son\u00a0#Juegos2D\u00a0donde la perspectiva es simulada.\u00a0Juegos de Mesa, tradicionales e imaginativos, que puedas jugar utilizando como fichas elementos de la naturaleza.","og_url":"https:\/\/ruth2m.com\/shop\/?product=mantadepicnic-carstrains","og_site_name":"ruth2mSHOP","article_modified_time":"2022-04-10T23:26:36+00:00","og_image":[{"width":800,"height":800,"url":"https:\/\/ruth2m.com\/shop\/wp-content\/uploads\/2020\/08\/MANTAdePICNIC_CarsTrains_IMG03.jpg","type":"image\/jpeg"}],"twitter_card":"summary_large_image","schema":{"@context":"https:\/\/schema.org","@graph":[{"@type":"WebPage","@id":"https:\/\/ruth2m.com\/shop\/?product=mantadepicnic-carstrains","url":"https:\/\/ruth2m.com\/shop\/?product=mantadepicnic-carstrains","name":"MANTAdeP\u00cdCNIC Cars&Trains - ruth2mSHOP","isPartOf":{"@id":"https:\/\/ruth2m.com\/shop\/#website"},"primaryImageOfPage":{"@id":"https:\/\/ruth2m.com\/shop\/?product=mantadepicnic-carstrains#primaryimage"},"image":{"@id":"https:\/\/ruth2m.com\/shop\/?product=mantadepicnic-carstrains#primaryimage"},"thumbnailUrl":"https:\/\/ruth2m.com\/shop\/wp-content\/uploads\/2020\/08\/MANTAdePICNIC_CarsTrains_IMG03.jpg","datePublished":"2019-10-08T08:40:15+00:00","dateModified":"2022-04-10T23:26:36+00:00","breadcrumb":{"@id":"https:\/\/ruth2m.com\/shop\/?product=mantadepicnic-carstrains#breadcrumb"},"inLanguage":"es","potentialAction":[{"@type":"ReadAction","target":["https:\/\/ruth2m.com\/shop\/?product=mantadepicnic-carstrains"]}]},{"@type":"ImageObject","inLanguage":"es","@id":"https:\/\/ruth2m.com\/shop\/?product=mantadepicnic-carstrains#primaryimage","url":"https:\/\/ruth2m.com\/shop\/wp-content\/uploads\/2020\/08\/MANTAdePICNIC_CarsTrains_IMG03.jpg","contentUrl":"https:\/\/ruth2m.com\/shop\/wp-content\/uploads\/2020\/08\/MANTAdePICNIC_CarsTrains_IMG03.jpg","width":800,"height":800},{"@type":"BreadcrumbList","@id":"https:\/\/ruth2m.com\/shop\/?product=mantadepicnic-carstrains#breadcrumb","itemListElement":[{"@type":"ListItem","position":1,"name":"Portada","item":"https:\/\/ruth2m.com\/shop\/"},{"@type":"ListItem","position":2,"name":"Shop","item":"https:\/\/ruth2m.com\/shop\/?page_id=6"},{"@type":"ListItem","position":3,"name":"MANTAdeP\u00cdCNIC Cars&#038;Trains"}]},{"@type":"WebSite","@id":"https:\/\/ruth2m.com\/shop\/#website","url":"https:\/\/ruth2m.com\/shop\/","name":"ruth2mSHOP","description":"PAPELERIA BONITA y stickers KAWAII, soluciones para FAMILIAS, regalos originales y personalizados, TALLERES de dibujo y c\u00f3mic MANGA","potentialAction":[{"@type":"SearchAction","target":{"@type":"EntryPoint","urlTemplate":"https:\/\/ruth2m.com\/shop\/?s={search_term_string}"},"query-input":{"@type":"PropertyValueSpecification","valueRequired":true,"valueName":"search_term_string"}}],"inLanguage":"es"}]}},"jetpack_publicize_connections":[],"jetpack_sharing_enabled":true,"_links":{"self":[{"href":"https:\/\/ruth2m.com\/shop\/index.php?rest_route=\/wp\/v2\/product\/13","targetHints":{"allow":["GET"]}}],"collection":[{"href":"https:\/\/ruth2m.com\/shop\/index.php?rest_route=\/wp\/v2\/product"}],"about":[{"href":"https:\/\/ruth2m.com\/shop\/index.php?rest_route=\/wp\/v2\/types\/product"}],"replies":[{"embeddable":true,"href":"https:\/\/ruth2m.com\/shop\/index.php?rest_route=%2Fwp%2Fv2%2Fcomments&post=13"}],"wp:featuredmedia":[{"embeddable":true,"href":"https:\/\/ruth2m.com\/shop\/index.php?rest_route=\/wp\/v2\/media\/232"}],"wp:attachment":[{"href":"https:\/\/ruth2m.com\/shop\/index.php?rest_route=%2Fwp%2Fv2%2Fmedia&parent=13"}],"wp:term":[{"taxonomy":"product_brand","embeddable":true,"href":"https:\/\/ruth2m.com\/shop\/index.php?rest_route=%2Fwp%2Fv2%2Fproduct_brand&post=13"},{"taxonomy":"product_cat","embeddable":true,"href":"https:\/\/ruth2m.com\/shop\/index.php?rest_route=%2Fwp%2Fv2%2Fproduct_cat&post=13"},{"taxonomy":"product_tag","embeddable":true,"href":"https:\/\/ruth2m.com\/shop\/index.php?rest_route=%2Fwp%2Fv2%2Fproduct_tag&post=13"}],"curies":[{"name":"wp","href":"https:\/\/api.w.org\/{rel}","templated":true}]}}