{"id":1334,"date":"2023-04-02T21:57:33","date_gmt":"2023-04-02T19:57:33","guid":{"rendered":"https:\/\/ruth2m.com\/shop\/?post_type=product&#038;p=1334"},"modified":"2023-05-02T21:55:32","modified_gmt":"2023-05-02T19:55:32","slug":"washi-tape-sakura","status":"publish","type":"product","link":"https:\/\/ruth2m.com\/shop\/?product=washi-tape-sakura","title":{"rendered":"washi tape SAKURA"},"content":{"rendered":"<p>pack de <strong>washi tape SAKURA<\/strong><br \/>\ncinta adhesiva de papel de arroz japon\u00e9s, motivos de la PRIMAVERA en Jap\u00f3n<br \/>\nmuy usado para acuarelas o como decoraci\u00f3n para tus proyectos de scrapbooking pues no da\u00f1a el papel ni se despega al aplicar agua &#8230;adhesivo que se retira con facilidad<\/p>\n<p>dimensiones del pack 4,5 x 1,5 cm<br \/>\ncinta de papel de arroz 1,5cm x 10m<\/p>\n<p>ilustraciones originales by ruth2m<\/p>\n","protected":false},"excerpt":{"rendered":"<p>pack de <strong>washi tape SAKURA<\/strong><br \/>\ncinta adhesiva de papel de arroz japon\u00e9s, motivos de la PRIMAVERA en Jap\u00f3n<br \/>\nmuy usado para acuarelas o como decoraci\u00f3n para tus proyectos de scrapbooking pues no da\u00f1a el papel ni se despega al aplicar agua &#8230;adhesivo que se retira con facilidad<\/p>\n<p>dimensiones del pack 4,5 x 1,5 cm<br \/>\ncinta de papel de arroz 1,5cm x 10m<\/p>\n<p>ilustraciones originales by ruth2m<\/p>\n","protected":false},"featured_media":1382,"comment_status":"open","ping_status":"closed","template":"","meta":{"jetpack_post_was_ever_published":false,"jetpack_publicize_message":"","jetpack_publicize_feature_enabled":true,"jetpack_social_post_already_shared":true,"jetpack_social_options":{"image_generator_settings":{"template":"highway","default_image_id":0,"font":"","enabled":false},"version":2}},"product_brand":[],"product_cat":[54,79],"product_tag":[80,86],"class_list":{"0":"post-1334","1":"product","2":"type-product","3":"status-publish","4":"has-post-thumbnail","6":"product_cat-papeleria","7":"product_cat-washitape","8":"product_tag-stickers-pegatinas-papeleriabonita-japan-culturajaponesa-japon-yokai-washitape","9":"product_tag-sakura","11":"first","12":"instock","13":"taxable","14":"shipping-taxable","15":"purchasable","16":"product-type-simple"},"yoast_head":"<!-- This site is optimized with the Yoast SEO plugin v27.2 - https:\/\/yoast.com\/product\/yoast-seo-wordpress\/ -->\n<title>washi tape SAKURA - ruth2mSHOP<\/title>\n<meta name=\"robots\" content=\"index, follow, max-snippet:-1, max-image-preview:large, max-video-preview:-1\" \/>\n<link rel=\"canonical\" href=\"https:\/\/ruth2m.com\/shop\/?product=washi-tape-sakura\" \/>\n<meta property=\"og:locale\" content=\"es_ES\" \/>\n<meta property=\"og:type\" content=\"article\" \/>\n<meta property=\"og:title\" content=\"washi tape SAKURA - ruth2mSHOP\" \/>\n<meta property=\"og:description\" content=\"pack de washi tape SAKURA cinta adhesiva de papel de arroz japon\u00e9s, motivos de la PRIMAVERA en Jap\u00f3n muy usado para acuarelas o como decoraci\u00f3n para tus proyectos de scrapbooking pues no da\u00f1a el papel ni se despega al aplicar agua ...adhesivo que se retira con facilidad  dimensiones del pack 4,5 x 1,5 cm cinta de papel de arroz 1,5cm x 10m  ilustraciones originales by ruth2m\" \/>\n<meta property=\"og:url\" content=\"https:\/\/ruth2m.com\/shop\/?product=washi-tape-sakura\" \/>\n<meta property=\"og:site_name\" content=\"ruth2mSHOP\" \/>\n<meta property=\"article:modified_time\" content=\"2023-05-02T19:55:32+00:00\" \/>\n<meta property=\"og:image\" content=\"https:\/\/ruth2m.com\/shop\/wp-content\/uploads\/2023\/04\/6E89D76A-8C1E-4973-88C1-2AE002FADCBE-scaled.jpeg\" \/>\n\t<meta property=\"og:image:width\" content=\"2560\" \/>\n\t<meta property=\"og:image:height\" content=\"2560\" \/>\n\t<meta property=\"og:image:type\" content=\"image\/jpeg\" \/>\n<meta name=\"twitter:card\" content=\"summary_large_image\" \/>\n<meta name=\"twitter:label1\" content=\"Tiempo de lectura\" \/>\n\t<meta name=\"twitter:data1\" content=\"1 minuto\" \/>\n<script type=\"application\/ld+json\" class=\"yoast-schema-graph\">{\"@context\":\"https:\/\/schema.org\",\"@graph\":[{\"@type\":\"WebPage\",\"@id\":\"https:\/\/ruth2m.com\/shop\/?product=washi-tape-sakura\",\"url\":\"https:\/\/ruth2m.com\/shop\/?product=washi-tape-sakura\",\"name\":\"washi tape SAKURA - ruth2mSHOP\",\"isPartOf\":{\"@id\":\"https:\/\/ruth2m.com\/shop\/#website\"},\"primaryImageOfPage\":{\"@id\":\"https:\/\/ruth2m.com\/shop\/?product=washi-tape-sakura#primaryimage\"},\"image\":{\"@id\":\"https:\/\/ruth2m.com\/shop\/?product=washi-tape-sakura#primaryimage\"},\"thumbnailUrl\":\"https:\/\/ruth2m.com\/shop\/wp-content\/uploads\/2023\/04\/6E89D76A-8C1E-4973-88C1-2AE002FADCBE-scaled.jpeg\",\"datePublished\":\"2023-04-02T19:57:33+00:00\",\"dateModified\":\"2023-05-02T19:55:32+00:00\",\"breadcrumb\":{\"@id\":\"https:\/\/ruth2m.com\/shop\/?product=washi-tape-sakura#breadcrumb\"},\"inLanguage\":\"es\",\"potentialAction\":[{\"@type\":\"ReadAction\",\"target\":[\"https:\/\/ruth2m.com\/shop\/?product=washi-tape-sakura\"]}]},{\"@type\":\"ImageObject\",\"inLanguage\":\"es\",\"@id\":\"https:\/\/ruth2m.com\/shop\/?product=washi-tape-sakura#primaryimage\",\"url\":\"https:\/\/ruth2m.com\/shop\/wp-content\/uploads\/2023\/04\/6E89D76A-8C1E-4973-88C1-2AE002FADCBE-scaled.jpeg\",\"contentUrl\":\"https:\/\/ruth2m.com\/shop\/wp-content\/uploads\/2023\/04\/6E89D76A-8C1E-4973-88C1-2AE002FADCBE-scaled.jpeg\",\"width\":2560,\"height\":2560},{\"@type\":\"BreadcrumbList\",\"@id\":\"https:\/\/ruth2m.com\/shop\/?product=washi-tape-sakura#breadcrumb\",\"itemListElement\":[{\"@type\":\"ListItem\",\"position\":1,\"name\":\"Portada\",\"item\":\"https:\/\/ruth2m.com\/shop\/\"},{\"@type\":\"ListItem\",\"position\":2,\"name\":\"Shop\",\"item\":\"https:\/\/ruth2m.com\/shop\/?page_id=6\"},{\"@type\":\"ListItem\",\"position\":3,\"name\":\"washi tape SAKURA\"}]},{\"@type\":\"WebSite\",\"@id\":\"https:\/\/ruth2m.com\/shop\/#website\",\"url\":\"https:\/\/ruth2m.com\/shop\/\",\"name\":\"ruth2mSHOP\",\"description\":\"PAPELERIA BONITA y stickers KAWAII, soluciones para FAMILIAS, regalos originales y personalizados, TALLERES de dibujo y c\u00f3mic MANGA\",\"potentialAction\":[{\"@type\":\"SearchAction\",\"target\":{\"@type\":\"EntryPoint\",\"urlTemplate\":\"https:\/\/ruth2m.com\/shop\/?s={search_term_string}\"},\"query-input\":{\"@type\":\"PropertyValueSpecification\",\"valueRequired\":true,\"valueName\":\"search_term_string\"}}],\"inLanguage\":\"es\"}]}<\/script>\n<!-- \/ Yoast SEO plugin. -->","yoast_head_json":{"title":"washi tape SAKURA - ruth2mSHOP","robots":{"index":"index","follow":"follow","max-snippet":"max-snippet:-1","max-image-preview":"max-image-preview:large","max-video-preview":"max-video-preview:-1"},"canonical":"https:\/\/ruth2m.com\/shop\/?product=washi-tape-sakura","og_locale":"es_ES","og_type":"article","og_title":"washi tape SAKURA - ruth2mSHOP","og_description":"pack de washi tape SAKURA cinta adhesiva de papel de arroz japon\u00e9s, motivos de la PRIMAVERA en Jap\u00f3n muy usado para acuarelas o como decoraci\u00f3n para tus proyectos de scrapbooking pues no da\u00f1a el papel ni se despega al aplicar agua ...adhesivo que se retira con facilidad  dimensiones del pack 4,5 x 1,5 cm cinta de papel de arroz 1,5cm x 10m  ilustraciones originales by ruth2m","og_url":"https:\/\/ruth2m.com\/shop\/?product=washi-tape-sakura","og_site_name":"ruth2mSHOP","article_modified_time":"2023-05-02T19:55:32+00:00","og_image":[{"width":2560,"height":2560,"url":"https:\/\/ruth2m.com\/shop\/wp-content\/uploads\/2023\/04\/6E89D76A-8C1E-4973-88C1-2AE002FADCBE-scaled.jpeg","type":"image\/jpeg"}],"twitter_card":"summary_large_image","twitter_misc":{"Tiempo de lectura":"1 minuto"},"schema":{"@context":"https:\/\/schema.org","@graph":[{"@type":"WebPage","@id":"https:\/\/ruth2m.com\/shop\/?product=washi-tape-sakura","url":"https:\/\/ruth2m.com\/shop\/?product=washi-tape-sakura","name":"washi tape SAKURA - ruth2mSHOP","isPartOf":{"@id":"https:\/\/ruth2m.com\/shop\/#website"},"primaryImageOfPage":{"@id":"https:\/\/ruth2m.com\/shop\/?product=washi-tape-sakura#primaryimage"},"image":{"@id":"https:\/\/ruth2m.com\/shop\/?product=washi-tape-sakura#primaryimage"},"thumbnailUrl":"https:\/\/ruth2m.com\/shop\/wp-content\/uploads\/2023\/04\/6E89D76A-8C1E-4973-88C1-2AE002FADCBE-scaled.jpeg","datePublished":"2023-04-02T19:57:33+00:00","dateModified":"2023-05-02T19:55:32+00:00","breadcrumb":{"@id":"https:\/\/ruth2m.com\/shop\/?product=washi-tape-sakura#breadcrumb"},"inLanguage":"es","potentialAction":[{"@type":"ReadAction","target":["https:\/\/ruth2m.com\/shop\/?product=washi-tape-sakura"]}]},{"@type":"ImageObject","inLanguage":"es","@id":"https:\/\/ruth2m.com\/shop\/?product=washi-tape-sakura#primaryimage","url":"https:\/\/ruth2m.com\/shop\/wp-content\/uploads\/2023\/04\/6E89D76A-8C1E-4973-88C1-2AE002FADCBE-scaled.jpeg","contentUrl":"https:\/\/ruth2m.com\/shop\/wp-content\/uploads\/2023\/04\/6E89D76A-8C1E-4973-88C1-2AE002FADCBE-scaled.jpeg","width":2560,"height":2560},{"@type":"BreadcrumbList","@id":"https:\/\/ruth2m.com\/shop\/?product=washi-tape-sakura#breadcrumb","itemListElement":[{"@type":"ListItem","position":1,"name":"Portada","item":"https:\/\/ruth2m.com\/shop\/"},{"@type":"ListItem","position":2,"name":"Shop","item":"https:\/\/ruth2m.com\/shop\/?page_id=6"},{"@type":"ListItem","position":3,"name":"washi tape SAKURA"}]},{"@type":"WebSite","@id":"https:\/\/ruth2m.com\/shop\/#website","url":"https:\/\/ruth2m.com\/shop\/","name":"ruth2mSHOP","description":"PAPELERIA BONITA y stickers KAWAII, soluciones para FAMILIAS, regalos originales y personalizados, TALLERES de dibujo y c\u00f3mic MANGA","potentialAction":[{"@type":"SearchAction","target":{"@type":"EntryPoint","urlTemplate":"https:\/\/ruth2m.com\/shop\/?s={search_term_string}"},"query-input":{"@type":"PropertyValueSpecification","valueRequired":true,"valueName":"search_term_string"}}],"inLanguage":"es"}]}},"jetpack_publicize_connections":[],"jetpack_sharing_enabled":true,"_links":{"self":[{"href":"https:\/\/ruth2m.com\/shop\/index.php?rest_route=\/wp\/v2\/product\/1334","targetHints":{"allow":["GET"]}}],"collection":[{"href":"https:\/\/ruth2m.com\/shop\/index.php?rest_route=\/wp\/v2\/product"}],"about":[{"href":"https:\/\/ruth2m.com\/shop\/index.php?rest_route=\/wp\/v2\/types\/product"}],"replies":[{"embeddable":true,"href":"https:\/\/ruth2m.com\/shop\/index.php?rest_route=%2Fwp%2Fv2%2Fcomments&post=1334"}],"wp:featuredmedia":[{"embeddable":true,"href":"https:\/\/ruth2m.com\/shop\/index.php?rest_route=\/wp\/v2\/media\/1382"}],"wp:attachment":[{"href":"https:\/\/ruth2m.com\/shop\/index.php?rest_route=%2Fwp%2Fv2%2Fmedia&parent=1334"}],"wp:term":[{"taxonomy":"product_brand","embeddable":true,"href":"https:\/\/ruth2m.com\/shop\/index.php?rest_route=%2Fwp%2Fv2%2Fproduct_brand&post=1334"},{"taxonomy":"product_cat","embeddable":true,"href":"https:\/\/ruth2m.com\/shop\/index.php?rest_route=%2Fwp%2Fv2%2Fproduct_cat&post=1334"},{"taxonomy":"product_tag","embeddable":true,"href":"https:\/\/ruth2m.com\/shop\/index.php?rest_route=%2Fwp%2Fv2%2Fproduct_tag&post=1334"}],"curies":[{"name":"wp","href":"https:\/\/api.w.org\/{rel}","templated":true}]}}