{"id":1426,"date":"2023-07-10T22:57:36","date_gmt":"2023-07-10T20:57:36","guid":{"rendered":"https:\/\/ruth2m.com\/shop\/?post_type=product&#038;p=1426"},"modified":"2023-07-21T12:25:21","modified_gmt":"2023-07-21T10:25:21","slug":"pack-tatooanime","status":"publish","type":"product","link":"https:\/\/ruth2m.com\/shop\/?product=pack-tatooanime","title":{"rendered":"pack tatooANIME"},"content":{"rendered":"<p>tattoo temporales<strong>\u00a0ANIME fanart\u00a0<\/strong>pack<br \/>\ndimensiones del pack 10 x 10cm<\/p>\n<p>ilustraciones originales by ruth2m<br \/>\ntestados dermatol\u00f3gicamente\u00a0por yatatu.com<\/p>\n<p>&nbsp;<\/p>\n<p>Los<strong> tatuajes temporales<\/strong> de <strong>Yatatu<\/strong> se elaboran con la mayor calidad y son totalmente hipoalerg\u00e9nicos y at\u00f3xicos.<br \/>\nCumplen con todos los requisitos cosm\u00e9ticos como FDA, CPSC y ASTM, RIPT &amp; In-Use.<\/p>\n<p>Recomendaciones para aplicar los tatuajes temporales:<\/p>\n<p>1. La piel debe estar completamente limpia y seca.<\/p>\n<p>2. Quitar la protecci\u00f3n transparente.<\/p>\n<p>3. Poner el lado donde est\u00e1 el tatuaje contra la piel.<\/p>\n<p>4. Mojar el tatuaje con una esponja empapada en agua presionando cuidadosamente.<\/p>\n<p>5. Esperar 30 segundos sin moverlo.<\/p>\n<p>6. Hacer <strong>deslizar<\/strong> el papel suavemente.<\/p>\n<p>7. Despu\u00e9s que el tatuaje se seque (aproximadamente 5 minutos), enjuagarlo con agua y jab\u00f3n para que resulte m\u00e1s realista.<\/p>\n<p>NOTA: No aplicar en pieles sensibles o cerca de los ojos. Para quitar el tatuaje hay que empapar el tatuaje con aceite corporal, crema o alcohol; esperar 20 segundos y despu\u00e9s frotar con un algod\u00f3n.<\/p>\n<p>Los tatuajes temporales duran alrededor de 7 d\u00edas, dependiendo del roce que reciban.<\/p>\n","protected":false},"excerpt":{"rendered":"<p>tattoo temporales<strong>\u00a0ANIME fanart\u00a0<\/strong>pack<br \/>\ndimensiones del pack 10 x 10cm<\/p>\n<p>ilustraciones originales by ruth2m<br \/>\ntestados dermatol\u00f3gicamente\u00a0por yatatu.com<\/p>\n","protected":false},"featured_media":1495,"comment_status":"open","ping_status":"closed","template":"","meta":{"jetpack_post_was_ever_published":false,"jetpack_publicize_message":"","jetpack_publicize_feature_enabled":true,"jetpack_social_post_already_shared":true,"jetpack_social_options":{"image_generator_settings":{"template":"highway","default_image_id":0,"font":"","enabled":false},"version":2}},"product_brand":[],"product_cat":[54,88],"product_tag":[],"class_list":{"0":"post-1426","1":"product","2":"type-product","3":"status-publish","4":"has-post-thumbnail","6":"product_cat-papeleria","7":"product_cat-tattoo","9":"first","10":"instock","11":"taxable","12":"shipping-taxable","13":"purchasable","14":"product-type-variable"},"yoast_head":"<!-- This site is optimized with the Yoast SEO plugin v27.4 - https:\/\/yoast.com\/product\/yoast-seo-wordpress\/ -->\n<title>pack tatooANIME - ruth2mSHOP<\/title>\n<meta name=\"robots\" content=\"index, follow, max-snippet:-1, max-image-preview:large, max-video-preview:-1\" \/>\n<link rel=\"canonical\" href=\"https:\/\/ruth2m.com\/shop\/?product=pack-tatooanime\" \/>\n<meta property=\"og:locale\" content=\"es_ES\" \/>\n<meta property=\"og:type\" content=\"article\" \/>\n<meta property=\"og:title\" content=\"pack tatooANIME - ruth2mSHOP\" \/>\n<meta property=\"og:description\" content=\"tattoo temporales\u00a0ANIME fanart\u00a0pack dimensiones del pack 10 x 10cm  ilustraciones originales by ruth2m testados dermatol\u00f3gicamente\u00a0por yatatu.com\" \/>\n<meta property=\"og:url\" content=\"https:\/\/ruth2m.com\/shop\/?product=pack-tatooanime\" \/>\n<meta property=\"og:site_name\" content=\"ruth2mSHOP\" \/>\n<meta property=\"article:modified_time\" content=\"2023-07-21T10:25:21+00:00\" \/>\n<meta property=\"og:image\" content=\"https:\/\/ruth2m.com\/shop\/wp-content\/uploads\/2023\/07\/PONYO-tattooANIME-1024x1024.jpeg\" \/>\n\t<meta property=\"og:image:width\" content=\"1024\" \/>\n\t<meta property=\"og:image:height\" content=\"1024\" \/>\n\t<meta property=\"og:image:type\" content=\"image\/jpeg\" \/>\n<meta name=\"twitter:card\" content=\"summary_large_image\" \/>\n<meta name=\"twitter:label1\" content=\"Tiempo de lectura\" \/>\n\t<meta name=\"twitter:data1\" content=\"1 minuto\" \/>\n<script type=\"application\/ld+json\" class=\"yoast-schema-graph\">{\"@context\":\"https:\\\/\\\/schema.org\",\"@graph\":[{\"@type\":\"WebPage\",\"@id\":\"https:\\\/\\\/ruth2m.com\\\/shop\\\/?product=pack-tatooanime\",\"url\":\"https:\\\/\\\/ruth2m.com\\\/shop\\\/?product=pack-tatooanime\",\"name\":\"pack tatooANIME - ruth2mSHOP\",\"isPartOf\":{\"@id\":\"https:\\\/\\\/ruth2m.com\\\/shop\\\/#website\"},\"primaryImageOfPage\":{\"@id\":\"https:\\\/\\\/ruth2m.com\\\/shop\\\/?product=pack-tatooanime#primaryimage\"},\"image\":{\"@id\":\"https:\\\/\\\/ruth2m.com\\\/shop\\\/?product=pack-tatooanime#primaryimage\"},\"thumbnailUrl\":\"https:\\\/\\\/ruth2m.com\\\/shop\\\/wp-content\\\/uploads\\\/2023\\\/07\\\/PONYO-tattooANIME.jpeg\",\"datePublished\":\"2023-07-10T20:57:36+00:00\",\"dateModified\":\"2023-07-21T10:25:21+00:00\",\"breadcrumb\":{\"@id\":\"https:\\\/\\\/ruth2m.com\\\/shop\\\/?product=pack-tatooanime#breadcrumb\"},\"inLanguage\":\"es\",\"potentialAction\":[{\"@type\":\"ReadAction\",\"target\":[\"https:\\\/\\\/ruth2m.com\\\/shop\\\/?product=pack-tatooanime\"]}]},{\"@type\":\"ImageObject\",\"inLanguage\":\"es\",\"@id\":\"https:\\\/\\\/ruth2m.com\\\/shop\\\/?product=pack-tatooanime#primaryimage\",\"url\":\"https:\\\/\\\/ruth2m.com\\\/shop\\\/wp-content\\\/uploads\\\/2023\\\/07\\\/PONYO-tattooANIME.jpeg\",\"contentUrl\":\"https:\\\/\\\/ruth2m.com\\\/shop\\\/wp-content\\\/uploads\\\/2023\\\/07\\\/PONYO-tattooANIME.jpeg\",\"width\":2560,\"height\":2560,\"caption\":\"PONYO - tattooANIME\"},{\"@type\":\"BreadcrumbList\",\"@id\":\"https:\\\/\\\/ruth2m.com\\\/shop\\\/?product=pack-tatooanime#breadcrumb\",\"itemListElement\":[{\"@type\":\"ListItem\",\"position\":1,\"name\":\"Portada\",\"item\":\"https:\\\/\\\/ruth2m.com\\\/shop\\\/\"},{\"@type\":\"ListItem\",\"position\":2,\"name\":\"Shop\",\"item\":\"https:\\\/\\\/ruth2m.com\\\/shop\\\/?page_id=6\"},{\"@type\":\"ListItem\",\"position\":3,\"name\":\"pack tatooANIME\"}]},{\"@type\":\"WebSite\",\"@id\":\"https:\\\/\\\/ruth2m.com\\\/shop\\\/#website\",\"url\":\"https:\\\/\\\/ruth2m.com\\\/shop\\\/\",\"name\":\"ruth2mSHOP\",\"description\":\"PAPELERIA BONITA y stickers KAWAII, soluciones para FAMILIAS, regalos originales y personalizados, TALLERES de dibujo y c\u00f3mic MANGA\",\"potentialAction\":[{\"@type\":\"SearchAction\",\"target\":{\"@type\":\"EntryPoint\",\"urlTemplate\":\"https:\\\/\\\/ruth2m.com\\\/shop\\\/?s={search_term_string}\"},\"query-input\":{\"@type\":\"PropertyValueSpecification\",\"valueRequired\":true,\"valueName\":\"search_term_string\"}}],\"inLanguage\":\"es\"}]}<\/script>\n<!-- \/ Yoast SEO plugin. -->","yoast_head_json":{"title":"pack tatooANIME - ruth2mSHOP","robots":{"index":"index","follow":"follow","max-snippet":"max-snippet:-1","max-image-preview":"max-image-preview:large","max-video-preview":"max-video-preview:-1"},"canonical":"https:\/\/ruth2m.com\/shop\/?product=pack-tatooanime","og_locale":"es_ES","og_type":"article","og_title":"pack tatooANIME - ruth2mSHOP","og_description":"tattoo temporales\u00a0ANIME fanart\u00a0pack dimensiones del pack 10 x 10cm  ilustraciones originales by ruth2m testados dermatol\u00f3gicamente\u00a0por yatatu.com","og_url":"https:\/\/ruth2m.com\/shop\/?product=pack-tatooanime","og_site_name":"ruth2mSHOP","article_modified_time":"2023-07-21T10:25:21+00:00","og_image":[{"width":1024,"height":1024,"url":"https:\/\/ruth2m.com\/shop\/wp-content\/uploads\/2023\/07\/PONYO-tattooANIME-1024x1024.jpeg","type":"image\/jpeg"}],"twitter_card":"summary_large_image","twitter_misc":{"Tiempo de lectura":"1 minuto"},"schema":{"@context":"https:\/\/schema.org","@graph":[{"@type":"WebPage","@id":"https:\/\/ruth2m.com\/shop\/?product=pack-tatooanime","url":"https:\/\/ruth2m.com\/shop\/?product=pack-tatooanime","name":"pack tatooANIME - ruth2mSHOP","isPartOf":{"@id":"https:\/\/ruth2m.com\/shop\/#website"},"primaryImageOfPage":{"@id":"https:\/\/ruth2m.com\/shop\/?product=pack-tatooanime#primaryimage"},"image":{"@id":"https:\/\/ruth2m.com\/shop\/?product=pack-tatooanime#primaryimage"},"thumbnailUrl":"https:\/\/ruth2m.com\/shop\/wp-content\/uploads\/2023\/07\/PONYO-tattooANIME.jpeg","datePublished":"2023-07-10T20:57:36+00:00","dateModified":"2023-07-21T10:25:21+00:00","breadcrumb":{"@id":"https:\/\/ruth2m.com\/shop\/?product=pack-tatooanime#breadcrumb"},"inLanguage":"es","potentialAction":[{"@type":"ReadAction","target":["https:\/\/ruth2m.com\/shop\/?product=pack-tatooanime"]}]},{"@type":"ImageObject","inLanguage":"es","@id":"https:\/\/ruth2m.com\/shop\/?product=pack-tatooanime#primaryimage","url":"https:\/\/ruth2m.com\/shop\/wp-content\/uploads\/2023\/07\/PONYO-tattooANIME.jpeg","contentUrl":"https:\/\/ruth2m.com\/shop\/wp-content\/uploads\/2023\/07\/PONYO-tattooANIME.jpeg","width":2560,"height":2560,"caption":"PONYO - tattooANIME"},{"@type":"BreadcrumbList","@id":"https:\/\/ruth2m.com\/shop\/?product=pack-tatooanime#breadcrumb","itemListElement":[{"@type":"ListItem","position":1,"name":"Portada","item":"https:\/\/ruth2m.com\/shop\/"},{"@type":"ListItem","position":2,"name":"Shop","item":"https:\/\/ruth2m.com\/shop\/?page_id=6"},{"@type":"ListItem","position":3,"name":"pack tatooANIME"}]},{"@type":"WebSite","@id":"https:\/\/ruth2m.com\/shop\/#website","url":"https:\/\/ruth2m.com\/shop\/","name":"ruth2mSHOP","description":"PAPELERIA BONITA y stickers KAWAII, soluciones para FAMILIAS, regalos originales y personalizados, TALLERES de dibujo y c\u00f3mic MANGA","potentialAction":[{"@type":"SearchAction","target":{"@type":"EntryPoint","urlTemplate":"https:\/\/ruth2m.com\/shop\/?s={search_term_string}"},"query-input":{"@type":"PropertyValueSpecification","valueRequired":true,"valueName":"search_term_string"}}],"inLanguage":"es"}]}},"jetpack_publicize_connections":[],"jetpack_sharing_enabled":true,"_links":{"self":[{"href":"https:\/\/ruth2m.com\/shop\/index.php?rest_route=\/wp\/v2\/product\/1426","targetHints":{"allow":["GET"]}}],"collection":[{"href":"https:\/\/ruth2m.com\/shop\/index.php?rest_route=\/wp\/v2\/product"}],"about":[{"href":"https:\/\/ruth2m.com\/shop\/index.php?rest_route=\/wp\/v2\/types\/product"}],"replies":[{"embeddable":true,"href":"https:\/\/ruth2m.com\/shop\/index.php?rest_route=%2Fwp%2Fv2%2Fcomments&post=1426"}],"wp:featuredmedia":[{"embeddable":true,"href":"https:\/\/ruth2m.com\/shop\/index.php?rest_route=\/wp\/v2\/media\/1495"}],"wp:attachment":[{"href":"https:\/\/ruth2m.com\/shop\/index.php?rest_route=%2Fwp%2Fv2%2Fmedia&parent=1426"}],"wp:term":[{"taxonomy":"product_brand","embeddable":true,"href":"https:\/\/ruth2m.com\/shop\/index.php?rest_route=%2Fwp%2Fv2%2Fproduct_brand&post=1426"},{"taxonomy":"product_cat","embeddable":true,"href":"https:\/\/ruth2m.com\/shop\/index.php?rest_route=%2Fwp%2Fv2%2Fproduct_cat&post=1426"},{"taxonomy":"product_tag","embeddable":true,"href":"https:\/\/ruth2m.com\/shop\/index.php?rest_route=%2Fwp%2Fv2%2Fproduct_tag&post=1426"}],"curies":[{"name":"wp","href":"https:\/\/api.w.org\/{rel}","templated":true}]}}