{"id":1570,"date":"2025-10-14T19:09:03","date_gmt":"2025-10-14T17:09:03","guid":{"rendered":"https:\/\/ruth2m.com\/shop\/?post_type=product&#038;p=1570"},"modified":"2026-04-23T09:56:30","modified_gmt":"2026-04-23T07:56:30","slug":"kawaii-yokai-juega-dibuja-crea-dedicatoria-ilustrada-by-ruth2m","status":"publish","type":"product","link":"https:\/\/ruth2m.com\/shop\/?product=kawaii-yokai-juega-dibuja-crea-dedicatoria-ilustrada-by-ruth2m","title":{"rendered":"&#8216;kawaii Y\u014cKAI. juega, dibuja, crea\u2019 (+dedicatoria ilustrada by ruth2m)"},"content":{"rendered":"<p><strong>T\u00edtulo. <\/strong>kawaii Y\u014cKAI. juega, dibuja, crea<br \/>\n<strong>Autora.<\/strong> Ruth Mart\u00ednez (ruth2m)<br \/>\n<strong>Editorial.<\/strong> ruth2mBOOKS<br \/>\n<strong>ISBN-13.<\/strong> 979-8297049352<br \/>\n<strong>PVP.<\/strong> 20\u20ac<br \/>\n<strong>Idioma.<\/strong> espa\u00f1ol<br \/>\n<strong>n\u00ba p\u00e1ginas.<\/strong> 112<br \/>\n<strong>Formato<\/strong>. <span class=\"a-list-item\">21.59 x 0.69 x 21.59 cm <\/span><br \/>\n<strong>R\u00fastica, ilustraciones en color<\/strong><\/p>\n","protected":false},"excerpt":{"rendered":"<div class=\"a-expander-content a-expander-partial-collapse-content a-expander-content-expanded\" data-expanded=\"true\"><span class=\"a-text-bold\"><em>&#8216;c\u00f3mo dibujar KAWAII \u2013 juega, dibuja, crea&#8217;<\/em><br \/>\n<\/span><span class=\"a-text-bold\">Una colecci\u00f3n \u00fanica que combina el aprendizaje del dibujo paso a paso, el descubrimiento de la cultura japonesa y curiosidades, con juegos y actividades para despertar la creatividad.<\/span><\/div>\n<div class=\"a-expander-content a-expander-partial-collapse-content a-expander-content-expanded\" data-expanded=\"true\">\n<p>&nbsp;<\/p>\n<p>\u00a1Juega, dibuja y crea tus propios personajes Y\u014cKAI kawaii!<\/p>\n<p>Este no es un libro cualquiera de dibujo &#8230;sino una aventura creativa donde dar\u00e1s vida a simp\u00e1ticos monstruos inspirados en la tradici\u00f3n japonesa.<\/p>\n<p><strong><span class=\"a-text-bold\">\u00b7 Juega<\/span><\/strong> con las actividades creativas y retos, combina las cartas recortables para crear personajes \u00fanicos.<br \/>\n<strong><span class=\"a-text-bold\">\u00b7 Aprende<\/span><\/strong> a dibujar paso a paso con plantillas y trucos kawaii.<br \/>\n<strong><span class=\"a-text-bold\">\u00b7 Descubre<\/span><\/strong> curiosidades sobre los y\u014dkai, los tsukumogami y el arte japon\u00e9s.<br \/>\n<strong><span class=\"a-text-bold\">\u00b7 Explora<\/span> <\/strong>tu creatividad con retos creativos, efectos especiales para tus c\u00f3mic manga y m\u00e1s sorpresas.<\/p>\n<p>Ideal para peques, j\u00f3venes y adultos con ganas de imaginar y crear.<br \/>\n<strong><span class=\"a-text-bold\">\u00a1Saca tus l\u00e1pices y prep\u00e1rate para dise\u00f1ar tu propio mundo kawaii!<\/span><\/strong><\/p>\n<\/div>\n","protected":false},"featured_media":1582,"comment_status":"open","ping_status":"closed","template":"","meta":{"jetpack_post_was_ever_published":false,"jetpack_publicize_message":"","jetpack_publicize_feature_enabled":true,"jetpack_social_post_already_shared":true,"jetpack_social_options":{"image_generator_settings":{"template":"highway","default_image_id":0,"font":"","enabled":false},"version":2}},"product_brand":[],"product_cat":[18],"product_tag":[],"class_list":{"0":"post-1570","1":"product","2":"type-product","3":"status-publish","4":"has-post-thumbnail","6":"product_cat-libroilustrado","8":"first","9":"instock","10":"sale","11":"taxable","12":"shipping-taxable","13":"purchasable","14":"product-type-simple"},"yoast_head":"<!-- This site is optimized with the Yoast SEO plugin v27.4 - https:\/\/yoast.com\/product\/yoast-seo-wordpress\/ -->\n<title>&#039;kawaii Y\u014cKAI. juega, dibuja, crea\u2019 (+dedicatoria ilustrada by ruth2m) - ruth2mSHOP<\/title>\n<meta name=\"robots\" content=\"index, follow, max-snippet:-1, max-image-preview:large, max-video-preview:-1\" \/>\n<link rel=\"canonical\" href=\"https:\/\/ruth2m.com\/shop\/?product=kawaii-yokai-juega-dibuja-crea-dedicatoria-ilustrada-by-ruth2m\" \/>\n<meta property=\"og:locale\" content=\"es_ES\" \/>\n<meta property=\"og:type\" content=\"article\" \/>\n<meta property=\"og:title\" content=\"&#039;kawaii Y\u014cKAI. juega, dibuja, crea\u2019 (+dedicatoria ilustrada by ruth2m) - ruth2mSHOP\" \/>\n<meta property=\"og:description\" content=\"&#039;c\u00f3mo dibujar KAWAII \u2013 juega, dibuja, crea&#039; Una colecci\u00f3n \u00fanica que combina el aprendizaje del dibujo paso a paso, el descubrimiento de la cultura japonesa y curiosidades, con juegos y actividades para despertar la creatividad.   &nbsp;  \u00a1Juega, dibuja y crea tus propios personajes Y\u014cKAI kawaii!  Este no es un libro cualquiera de dibujo ...sino una aventura creativa donde dar\u00e1s vida a simp\u00e1ticos monstruos inspirados en la tradici\u00f3n japonesa.  \u00b7 Juega con las actividades creativas y retos, combina las cartas recortables para crear personajes \u00fanicos. \u00b7 Aprende a dibujar paso a paso con plantillas y trucos kawaii. \u00b7 Descubre curiosidades sobre los y\u014dkai, los tsukumogami y el arte japon\u00e9s. \u00b7 Explora tu creatividad con retos creativos, efectos especiales para tus c\u00f3mic manga y m\u00e1s sorpresas.  Ideal para peques, j\u00f3venes y adultos con ganas de imaginar y crear. \u00a1Saca tus l\u00e1pices y prep\u00e1rate para dise\u00f1ar tu propio mundo kawaii!\" \/>\n<meta property=\"og:url\" content=\"https:\/\/ruth2m.com\/shop\/?product=kawaii-yokai-juega-dibuja-crea-dedicatoria-ilustrada-by-ruth2m\" \/>\n<meta property=\"og:site_name\" content=\"ruth2mSHOP\" \/>\n<meta property=\"article:modified_time\" content=\"2026-04-23T07:56:30+00:00\" \/>\n<meta property=\"og:image\" content=\"https:\/\/ruth2m.com\/shop\/wp-content\/uploads\/2025\/10\/como-dibujar-kawaii-YOKAI_PORTADA_by-ruth2m.jpg\" \/>\n\t<meta property=\"og:image:width\" content=\"1000\" \/>\n\t<meta property=\"og:image:height\" content=\"1000\" \/>\n\t<meta property=\"og:image:type\" content=\"image\/jpeg\" \/>\n<meta name=\"twitter:card\" content=\"summary_large_image\" \/>\n<meta name=\"twitter:label1\" content=\"Tiempo de lectura\" \/>\n\t<meta name=\"twitter:data1\" content=\"1 minuto\" \/>\n<script type=\"application\/ld+json\" class=\"yoast-schema-graph\">{\"@context\":\"https:\\\/\\\/schema.org\",\"@graph\":[{\"@type\":\"WebPage\",\"@id\":\"https:\\\/\\\/ruth2m.com\\\/shop\\\/?product=kawaii-yokai-juega-dibuja-crea-dedicatoria-ilustrada-by-ruth2m\",\"url\":\"https:\\\/\\\/ruth2m.com\\\/shop\\\/?product=kawaii-yokai-juega-dibuja-crea-dedicatoria-ilustrada-by-ruth2m\",\"name\":\"'kawaii Y\u014cKAI. juega, dibuja, crea\u2019 (+dedicatoria ilustrada by ruth2m) - ruth2mSHOP\",\"isPartOf\":{\"@id\":\"https:\\\/\\\/ruth2m.com\\\/shop\\\/#website\"},\"primaryImageOfPage\":{\"@id\":\"https:\\\/\\\/ruth2m.com\\\/shop\\\/?product=kawaii-yokai-juega-dibuja-crea-dedicatoria-ilustrada-by-ruth2m#primaryimage\"},\"image\":{\"@id\":\"https:\\\/\\\/ruth2m.com\\\/shop\\\/?product=kawaii-yokai-juega-dibuja-crea-dedicatoria-ilustrada-by-ruth2m#primaryimage\"},\"thumbnailUrl\":\"https:\\\/\\\/ruth2m.com\\\/shop\\\/wp-content\\\/uploads\\\/2025\\\/10\\\/como-dibujar-kawaii-YOKAI_PORTADA_by-ruth2m.jpg\",\"datePublished\":\"2025-10-14T17:09:03+00:00\",\"dateModified\":\"2026-04-23T07:56:30+00:00\",\"breadcrumb\":{\"@id\":\"https:\\\/\\\/ruth2m.com\\\/shop\\\/?product=kawaii-yokai-juega-dibuja-crea-dedicatoria-ilustrada-by-ruth2m#breadcrumb\"},\"inLanguage\":\"es\",\"potentialAction\":[{\"@type\":\"ReadAction\",\"target\":[\"https:\\\/\\\/ruth2m.com\\\/shop\\\/?product=kawaii-yokai-juega-dibuja-crea-dedicatoria-ilustrada-by-ruth2m\"]}]},{\"@type\":\"ImageObject\",\"inLanguage\":\"es\",\"@id\":\"https:\\\/\\\/ruth2m.com\\\/shop\\\/?product=kawaii-yokai-juega-dibuja-crea-dedicatoria-ilustrada-by-ruth2m#primaryimage\",\"url\":\"https:\\\/\\\/ruth2m.com\\\/shop\\\/wp-content\\\/uploads\\\/2025\\\/10\\\/como-dibujar-kawaii-YOKAI_PORTADA_by-ruth2m.jpg\",\"contentUrl\":\"https:\\\/\\\/ruth2m.com\\\/shop\\\/wp-content\\\/uploads\\\/2025\\\/10\\\/como-dibujar-kawaii-YOKAI_PORTADA_by-ruth2m.jpg\",\"width\":1000,\"height\":1000},{\"@type\":\"BreadcrumbList\",\"@id\":\"https:\\\/\\\/ruth2m.com\\\/shop\\\/?product=kawaii-yokai-juega-dibuja-crea-dedicatoria-ilustrada-by-ruth2m#breadcrumb\",\"itemListElement\":[{\"@type\":\"ListItem\",\"position\":1,\"name\":\"Portada\",\"item\":\"https:\\\/\\\/ruth2m.com\\\/shop\\\/\"},{\"@type\":\"ListItem\",\"position\":2,\"name\":\"Shop\",\"item\":\"https:\\\/\\\/ruth2m.com\\\/shop\\\/?page_id=6\"},{\"@type\":\"ListItem\",\"position\":3,\"name\":\"&#8216;kawaii Y\u014cKAI. juega, dibuja, crea\u2019 (+dedicatoria ilustrada by ruth2m)\"}]},{\"@type\":\"WebSite\",\"@id\":\"https:\\\/\\\/ruth2m.com\\\/shop\\\/#website\",\"url\":\"https:\\\/\\\/ruth2m.com\\\/shop\\\/\",\"name\":\"ruth2mSHOP\",\"description\":\"PAPELERIA BONITA y stickers KAWAII, soluciones para FAMILIAS, regalos originales y personalizados, TALLERES de dibujo y c\u00f3mic MANGA\",\"potentialAction\":[{\"@type\":\"SearchAction\",\"target\":{\"@type\":\"EntryPoint\",\"urlTemplate\":\"https:\\\/\\\/ruth2m.com\\\/shop\\\/?s={search_term_string}\"},\"query-input\":{\"@type\":\"PropertyValueSpecification\",\"valueRequired\":true,\"valueName\":\"search_term_string\"}}],\"inLanguage\":\"es\"}]}<\/script>\n<!-- \/ Yoast SEO plugin. -->","yoast_head_json":{"title":"'kawaii Y\u014cKAI. juega, dibuja, crea\u2019 (+dedicatoria ilustrada by ruth2m) - ruth2mSHOP","robots":{"index":"index","follow":"follow","max-snippet":"max-snippet:-1","max-image-preview":"max-image-preview:large","max-video-preview":"max-video-preview:-1"},"canonical":"https:\/\/ruth2m.com\/shop\/?product=kawaii-yokai-juega-dibuja-crea-dedicatoria-ilustrada-by-ruth2m","og_locale":"es_ES","og_type":"article","og_title":"'kawaii Y\u014cKAI. juega, dibuja, crea\u2019 (+dedicatoria ilustrada by ruth2m) - ruth2mSHOP","og_description":"'c\u00f3mo dibujar KAWAII \u2013 juega, dibuja, crea' Una colecci\u00f3n \u00fanica que combina el aprendizaje del dibujo paso a paso, el descubrimiento de la cultura japonesa y curiosidades, con juegos y actividades para despertar la creatividad.   &nbsp;  \u00a1Juega, dibuja y crea tus propios personajes Y\u014cKAI kawaii!  Este no es un libro cualquiera de dibujo ...sino una aventura creativa donde dar\u00e1s vida a simp\u00e1ticos monstruos inspirados en la tradici\u00f3n japonesa.  \u00b7 Juega con las actividades creativas y retos, combina las cartas recortables para crear personajes \u00fanicos. \u00b7 Aprende a dibujar paso a paso con plantillas y trucos kawaii. \u00b7 Descubre curiosidades sobre los y\u014dkai, los tsukumogami y el arte japon\u00e9s. \u00b7 Explora tu creatividad con retos creativos, efectos especiales para tus c\u00f3mic manga y m\u00e1s sorpresas.  Ideal para peques, j\u00f3venes y adultos con ganas de imaginar y crear. \u00a1Saca tus l\u00e1pices y prep\u00e1rate para dise\u00f1ar tu propio mundo kawaii!","og_url":"https:\/\/ruth2m.com\/shop\/?product=kawaii-yokai-juega-dibuja-crea-dedicatoria-ilustrada-by-ruth2m","og_site_name":"ruth2mSHOP","article_modified_time":"2026-04-23T07:56:30+00:00","og_image":[{"width":1000,"height":1000,"url":"https:\/\/ruth2m.com\/shop\/wp-content\/uploads\/2025\/10\/como-dibujar-kawaii-YOKAI_PORTADA_by-ruth2m.jpg","type":"image\/jpeg"}],"twitter_card":"summary_large_image","twitter_misc":{"Tiempo de lectura":"1 minuto"},"schema":{"@context":"https:\/\/schema.org","@graph":[{"@type":"WebPage","@id":"https:\/\/ruth2m.com\/shop\/?product=kawaii-yokai-juega-dibuja-crea-dedicatoria-ilustrada-by-ruth2m","url":"https:\/\/ruth2m.com\/shop\/?product=kawaii-yokai-juega-dibuja-crea-dedicatoria-ilustrada-by-ruth2m","name":"'kawaii Y\u014cKAI. juega, dibuja, crea\u2019 (+dedicatoria ilustrada by ruth2m) - ruth2mSHOP","isPartOf":{"@id":"https:\/\/ruth2m.com\/shop\/#website"},"primaryImageOfPage":{"@id":"https:\/\/ruth2m.com\/shop\/?product=kawaii-yokai-juega-dibuja-crea-dedicatoria-ilustrada-by-ruth2m#primaryimage"},"image":{"@id":"https:\/\/ruth2m.com\/shop\/?product=kawaii-yokai-juega-dibuja-crea-dedicatoria-ilustrada-by-ruth2m#primaryimage"},"thumbnailUrl":"https:\/\/ruth2m.com\/shop\/wp-content\/uploads\/2025\/10\/como-dibujar-kawaii-YOKAI_PORTADA_by-ruth2m.jpg","datePublished":"2025-10-14T17:09:03+00:00","dateModified":"2026-04-23T07:56:30+00:00","breadcrumb":{"@id":"https:\/\/ruth2m.com\/shop\/?product=kawaii-yokai-juega-dibuja-crea-dedicatoria-ilustrada-by-ruth2m#breadcrumb"},"inLanguage":"es","potentialAction":[{"@type":"ReadAction","target":["https:\/\/ruth2m.com\/shop\/?product=kawaii-yokai-juega-dibuja-crea-dedicatoria-ilustrada-by-ruth2m"]}]},{"@type":"ImageObject","inLanguage":"es","@id":"https:\/\/ruth2m.com\/shop\/?product=kawaii-yokai-juega-dibuja-crea-dedicatoria-ilustrada-by-ruth2m#primaryimage","url":"https:\/\/ruth2m.com\/shop\/wp-content\/uploads\/2025\/10\/como-dibujar-kawaii-YOKAI_PORTADA_by-ruth2m.jpg","contentUrl":"https:\/\/ruth2m.com\/shop\/wp-content\/uploads\/2025\/10\/como-dibujar-kawaii-YOKAI_PORTADA_by-ruth2m.jpg","width":1000,"height":1000},{"@type":"BreadcrumbList","@id":"https:\/\/ruth2m.com\/shop\/?product=kawaii-yokai-juega-dibuja-crea-dedicatoria-ilustrada-by-ruth2m#breadcrumb","itemListElement":[{"@type":"ListItem","position":1,"name":"Portada","item":"https:\/\/ruth2m.com\/shop\/"},{"@type":"ListItem","position":2,"name":"Shop","item":"https:\/\/ruth2m.com\/shop\/?page_id=6"},{"@type":"ListItem","position":3,"name":"&#8216;kawaii Y\u014cKAI. juega, dibuja, crea\u2019 (+dedicatoria ilustrada by ruth2m)"}]},{"@type":"WebSite","@id":"https:\/\/ruth2m.com\/shop\/#website","url":"https:\/\/ruth2m.com\/shop\/","name":"ruth2mSHOP","description":"PAPELERIA BONITA y stickers KAWAII, soluciones para FAMILIAS, regalos originales y personalizados, TALLERES de dibujo y c\u00f3mic MANGA","potentialAction":[{"@type":"SearchAction","target":{"@type":"EntryPoint","urlTemplate":"https:\/\/ruth2m.com\/shop\/?s={search_term_string}"},"query-input":{"@type":"PropertyValueSpecification","valueRequired":true,"valueName":"search_term_string"}}],"inLanguage":"es"}]}},"jetpack_publicize_connections":[],"jetpack_sharing_enabled":true,"_links":{"self":[{"href":"https:\/\/ruth2m.com\/shop\/index.php?rest_route=\/wp\/v2\/product\/1570","targetHints":{"allow":["GET"]}}],"collection":[{"href":"https:\/\/ruth2m.com\/shop\/index.php?rest_route=\/wp\/v2\/product"}],"about":[{"href":"https:\/\/ruth2m.com\/shop\/index.php?rest_route=\/wp\/v2\/types\/product"}],"replies":[{"embeddable":true,"href":"https:\/\/ruth2m.com\/shop\/index.php?rest_route=%2Fwp%2Fv2%2Fcomments&post=1570"}],"wp:featuredmedia":[{"embeddable":true,"href":"https:\/\/ruth2m.com\/shop\/index.php?rest_route=\/wp\/v2\/media\/1582"}],"wp:attachment":[{"href":"https:\/\/ruth2m.com\/shop\/index.php?rest_route=%2Fwp%2Fv2%2Fmedia&parent=1570"}],"wp:term":[{"taxonomy":"product_brand","embeddable":true,"href":"https:\/\/ruth2m.com\/shop\/index.php?rest_route=%2Fwp%2Fv2%2Fproduct_brand&post=1570"},{"taxonomy":"product_cat","embeddable":true,"href":"https:\/\/ruth2m.com\/shop\/index.php?rest_route=%2Fwp%2Fv2%2Fproduct_cat&post=1570"},{"taxonomy":"product_tag","embeddable":true,"href":"https:\/\/ruth2m.com\/shop\/index.php?rest_route=%2Fwp%2Fv2%2Fproduct_tag&post=1570"}],"curies":[{"name":"wp","href":"https:\/\/api.w.org\/{rel}","templated":true}]}}