{"id":1599,"date":"2026-03-26T19:54:45","date_gmt":"2026-03-26T18:54:45","guid":{"rendered":"https:\/\/ruth2m.com\/shop\/?post_type=product&#038;p=1599"},"modified":"2026-04-19T19:23:13","modified_gmt":"2026-04-19T17:23:13","slug":"stampjapan","status":"publish","type":"product","link":"https:\/\/ruth2m.com\/shop\/?product=stampjapan","title":{"rendered":"stampJAPAN"},"content":{"rendered":"<p>\u00bfTe apasiona Jap\u00f3n?<\/p>\n<p class=\"_ap3a _aaco _aacu _aacx _aad7 _aade\" dir=\"auto\">stampJAPAN es un pack de PRINT + 47 stickers \u2026estos sellos adhesivos ilustrados con el elemento m\u00e1s emblem\u00e1tico de cada una de las 47 prefecturas de Jap\u00f3n. En la l\u00e1mina podr\u00e1s visualizar cuantas prefecturas has visitado, desbloquear recuerdos de tus viajes y descubrir nuevos lugares que recorrer.<\/p>\n<p>\u00a1Una idea de regalo, ideal para los m\u00e1s viajeros a los que les gusta Jap\u00f3n!<\/p>\n<p>pack de <strong>47 stickers stampJAPAN<\/strong> + PRINT<br \/>\n47 pegatinas de las prefecturas de Jap\u00f3n<\/p>\n<p>dimensiones del PRINT 34 x 42 cm<br \/>\ndimensiones del pack STICKERS 8 x 10 cm<\/p>\n<p>ilustraciones originales by ruth2m<br \/>\nstickers troquelados en papel adhesivo<br \/>\npackaging especial rojo texturizado y plateado<\/p>\n","protected":false},"excerpt":{"rendered":"<p>pack de <strong>47 stickers stampJAPAN<\/strong> + PRINT<br \/>\n47 pegatinas de las prefecturas de Jap\u00f3n<\/p>\n<p>dimensiones del PRINT 34 x 42 cm<br \/>\ndimensiones del pack STICKERS 8 x 10 cm<\/p>\n<p>ilustraciones originales by ruth2m<br \/>\nstickers troquelados en papel adhesivo<br \/>\npackaging especial rojo texturizado y plateado<\/p>\n","protected":false},"featured_media":1603,"comment_status":"open","ping_status":"closed","template":"","meta":{"jetpack_post_was_ever_published":false,"jetpack_publicize_message":"","jetpack_publicize_feature_enabled":true,"jetpack_social_post_already_shared":true,"jetpack_social_options":{"image_generator_settings":{"template":"highway","default_image_id":0,"font":"","enabled":false},"version":2}},"product_brand":[],"product_cat":[53,15],"product_tag":[],"class_list":{"0":"post-1599","1":"product","2":"type-product","3":"status-publish","4":"has-post-thumbnail","6":"product_cat-pegatinas","7":"product_cat-ruth2mshop","9":"first","10":"instock","11":"taxable","12":"shipping-taxable","13":"purchasable","14":"product-type-variable"},"yoast_head":"<!-- This site is optimized with the Yoast SEO plugin v27.4 - https:\/\/yoast.com\/product\/yoast-seo-wordpress\/ -->\n<title>stampJAPAN - ruth2mSHOP<\/title>\n<meta name=\"description\" content=\"\u00bfTe apasiona Jap\u00f3n? stampJAPAN es un pack de PRINT + 47 stickers (sellos adhesivos ilustrados con un detalle emblem\u00e1tico de cada prefectura de Jap\u00f3n.\" \/>\n<meta name=\"robots\" content=\"index, follow, max-snippet:-1, max-image-preview:large, max-video-preview:-1\" \/>\n<link rel=\"canonical\" href=\"https:\/\/ruth2m.com\/shop\/?product=stampjapan\" \/>\n<meta property=\"og:locale\" content=\"es_ES\" \/>\n<meta property=\"og:type\" content=\"article\" \/>\n<meta property=\"og:title\" content=\"stampJAPAN - ruth2mSHOP\" \/>\n<meta property=\"og:description\" content=\"\u00bfTe apasiona Jap\u00f3n? stampJAPAN es un pack de PRINT + 47 stickers (sellos adhesivos ilustrados con un detalle emblem\u00e1tico de cada prefectura de Jap\u00f3n.\" \/>\n<meta property=\"og:url\" content=\"https:\/\/ruth2m.com\/shop\/?product=stampjapan\" \/>\n<meta property=\"og:site_name\" content=\"ruth2mSHOP\" \/>\n<meta property=\"article:modified_time\" content=\"2026-04-19T17:23:13+00:00\" \/>\n<meta property=\"og:image\" content=\"https:\/\/ruth2m.com\/shop\/wp-content\/uploads\/2026\/03\/stampJAPAN_sellos-prefecturas-JAPON_pack-stickers.png\" \/>\n\t<meta property=\"og:image:width\" content=\"1000\" \/>\n\t<meta property=\"og:image:height\" content=\"1000\" \/>\n\t<meta property=\"og:image:type\" content=\"image\/png\" \/>\n<meta name=\"twitter:card\" content=\"summary_large_image\" \/>\n<meta name=\"twitter:label1\" content=\"Tiempo de lectura\" \/>\n\t<meta name=\"twitter:data1\" content=\"1 minuto\" \/>\n<script type=\"application\/ld+json\" class=\"yoast-schema-graph\">{\"@context\":\"https:\\\/\\\/schema.org\",\"@graph\":[{\"@type\":\"WebPage\",\"@id\":\"https:\\\/\\\/ruth2m.com\\\/shop\\\/?product=stampjapan\",\"url\":\"https:\\\/\\\/ruth2m.com\\\/shop\\\/?product=stampjapan\",\"name\":\"stampJAPAN - ruth2mSHOP\",\"isPartOf\":{\"@id\":\"https:\\\/\\\/ruth2m.com\\\/shop\\\/#website\"},\"primaryImageOfPage\":{\"@id\":\"https:\\\/\\\/ruth2m.com\\\/shop\\\/?product=stampjapan#primaryimage\"},\"image\":{\"@id\":\"https:\\\/\\\/ruth2m.com\\\/shop\\\/?product=stampjapan#primaryimage\"},\"thumbnailUrl\":\"https:\\\/\\\/ruth2m.com\\\/shop\\\/wp-content\\\/uploads\\\/2026\\\/03\\\/stampJAPAN_sellos-prefecturas-JAPON_pack-stickers.png\",\"datePublished\":\"2026-03-26T18:54:45+00:00\",\"dateModified\":\"2026-04-19T17:23:13+00:00\",\"description\":\"\u00bfTe apasiona Jap\u00f3n? stampJAPAN es un pack de PRINT + 47 stickers (sellos adhesivos ilustrados con un detalle emblem\u00e1tico de cada prefectura de Jap\u00f3n.\",\"breadcrumb\":{\"@id\":\"https:\\\/\\\/ruth2m.com\\\/shop\\\/?product=stampjapan#breadcrumb\"},\"inLanguage\":\"es\",\"potentialAction\":[{\"@type\":\"ReadAction\",\"target\":[\"https:\\\/\\\/ruth2m.com\\\/shop\\\/?product=stampjapan\"]}]},{\"@type\":\"ImageObject\",\"inLanguage\":\"es\",\"@id\":\"https:\\\/\\\/ruth2m.com\\\/shop\\\/?product=stampjapan#primaryimage\",\"url\":\"https:\\\/\\\/ruth2m.com\\\/shop\\\/wp-content\\\/uploads\\\/2026\\\/03\\\/stampJAPAN_sellos-prefecturas-JAPON_pack-stickers.png\",\"contentUrl\":\"https:\\\/\\\/ruth2m.com\\\/shop\\\/wp-content\\\/uploads\\\/2026\\\/03\\\/stampJAPAN_sellos-prefecturas-JAPON_pack-stickers.png\",\"width\":1000,\"height\":1000,\"caption\":\"stampJAPAN_sellos prefecturas JAPON - STICKERS\"},{\"@type\":\"BreadcrumbList\",\"@id\":\"https:\\\/\\\/ruth2m.com\\\/shop\\\/?product=stampjapan#breadcrumb\",\"itemListElement\":[{\"@type\":\"ListItem\",\"position\":1,\"name\":\"Portada\",\"item\":\"https:\\\/\\\/ruth2m.com\\\/shop\\\/\"},{\"@type\":\"ListItem\",\"position\":2,\"name\":\"Shop\",\"item\":\"https:\\\/\\\/ruth2m.com\\\/shop\\\/?page_id=6\"},{\"@type\":\"ListItem\",\"position\":3,\"name\":\"stampJAPAN\"}]},{\"@type\":\"WebSite\",\"@id\":\"https:\\\/\\\/ruth2m.com\\\/shop\\\/#website\",\"url\":\"https:\\\/\\\/ruth2m.com\\\/shop\\\/\",\"name\":\"ruth2mSHOP\",\"description\":\"PAPELERIA BONITA y stickers KAWAII, soluciones para FAMILIAS, regalos originales y personalizados, TALLERES de dibujo y c\u00f3mic MANGA\",\"potentialAction\":[{\"@type\":\"SearchAction\",\"target\":{\"@type\":\"EntryPoint\",\"urlTemplate\":\"https:\\\/\\\/ruth2m.com\\\/shop\\\/?s={search_term_string}\"},\"query-input\":{\"@type\":\"PropertyValueSpecification\",\"valueRequired\":true,\"valueName\":\"search_term_string\"}}],\"inLanguage\":\"es\"}]}<\/script>\n<!-- \/ Yoast SEO plugin. -->","yoast_head_json":{"title":"stampJAPAN - ruth2mSHOP","description":"\u00bfTe apasiona Jap\u00f3n? stampJAPAN es un pack de PRINT + 47 stickers (sellos adhesivos ilustrados con un detalle emblem\u00e1tico de cada prefectura de Jap\u00f3n.","robots":{"index":"index","follow":"follow","max-snippet":"max-snippet:-1","max-image-preview":"max-image-preview:large","max-video-preview":"max-video-preview:-1"},"canonical":"https:\/\/ruth2m.com\/shop\/?product=stampjapan","og_locale":"es_ES","og_type":"article","og_title":"stampJAPAN - ruth2mSHOP","og_description":"\u00bfTe apasiona Jap\u00f3n? stampJAPAN es un pack de PRINT + 47 stickers (sellos adhesivos ilustrados con un detalle emblem\u00e1tico de cada prefectura de Jap\u00f3n.","og_url":"https:\/\/ruth2m.com\/shop\/?product=stampjapan","og_site_name":"ruth2mSHOP","article_modified_time":"2026-04-19T17:23:13+00:00","og_image":[{"width":1000,"height":1000,"url":"https:\/\/ruth2m.com\/shop\/wp-content\/uploads\/2026\/03\/stampJAPAN_sellos-prefecturas-JAPON_pack-stickers.png","type":"image\/png"}],"twitter_card":"summary_large_image","twitter_misc":{"Tiempo de lectura":"1 minuto"},"schema":{"@context":"https:\/\/schema.org","@graph":[{"@type":"WebPage","@id":"https:\/\/ruth2m.com\/shop\/?product=stampjapan","url":"https:\/\/ruth2m.com\/shop\/?product=stampjapan","name":"stampJAPAN - ruth2mSHOP","isPartOf":{"@id":"https:\/\/ruth2m.com\/shop\/#website"},"primaryImageOfPage":{"@id":"https:\/\/ruth2m.com\/shop\/?product=stampjapan#primaryimage"},"image":{"@id":"https:\/\/ruth2m.com\/shop\/?product=stampjapan#primaryimage"},"thumbnailUrl":"https:\/\/ruth2m.com\/shop\/wp-content\/uploads\/2026\/03\/stampJAPAN_sellos-prefecturas-JAPON_pack-stickers.png","datePublished":"2026-03-26T18:54:45+00:00","dateModified":"2026-04-19T17:23:13+00:00","description":"\u00bfTe apasiona Jap\u00f3n? stampJAPAN es un pack de PRINT + 47 stickers (sellos adhesivos ilustrados con un detalle emblem\u00e1tico de cada prefectura de Jap\u00f3n.","breadcrumb":{"@id":"https:\/\/ruth2m.com\/shop\/?product=stampjapan#breadcrumb"},"inLanguage":"es","potentialAction":[{"@type":"ReadAction","target":["https:\/\/ruth2m.com\/shop\/?product=stampjapan"]}]},{"@type":"ImageObject","inLanguage":"es","@id":"https:\/\/ruth2m.com\/shop\/?product=stampjapan#primaryimage","url":"https:\/\/ruth2m.com\/shop\/wp-content\/uploads\/2026\/03\/stampJAPAN_sellos-prefecturas-JAPON_pack-stickers.png","contentUrl":"https:\/\/ruth2m.com\/shop\/wp-content\/uploads\/2026\/03\/stampJAPAN_sellos-prefecturas-JAPON_pack-stickers.png","width":1000,"height":1000,"caption":"stampJAPAN_sellos prefecturas JAPON - STICKERS"},{"@type":"BreadcrumbList","@id":"https:\/\/ruth2m.com\/shop\/?product=stampjapan#breadcrumb","itemListElement":[{"@type":"ListItem","position":1,"name":"Portada","item":"https:\/\/ruth2m.com\/shop\/"},{"@type":"ListItem","position":2,"name":"Shop","item":"https:\/\/ruth2m.com\/shop\/?page_id=6"},{"@type":"ListItem","position":3,"name":"stampJAPAN"}]},{"@type":"WebSite","@id":"https:\/\/ruth2m.com\/shop\/#website","url":"https:\/\/ruth2m.com\/shop\/","name":"ruth2mSHOP","description":"PAPELERIA BONITA y stickers KAWAII, soluciones para FAMILIAS, regalos originales y personalizados, TALLERES de dibujo y c\u00f3mic MANGA","potentialAction":[{"@type":"SearchAction","target":{"@type":"EntryPoint","urlTemplate":"https:\/\/ruth2m.com\/shop\/?s={search_term_string}"},"query-input":{"@type":"PropertyValueSpecification","valueRequired":true,"valueName":"search_term_string"}}],"inLanguage":"es"}]}},"jetpack_publicize_connections":[],"jetpack_sharing_enabled":true,"_links":{"self":[{"href":"https:\/\/ruth2m.com\/shop\/index.php?rest_route=\/wp\/v2\/product\/1599","targetHints":{"allow":["GET"]}}],"collection":[{"href":"https:\/\/ruth2m.com\/shop\/index.php?rest_route=\/wp\/v2\/product"}],"about":[{"href":"https:\/\/ruth2m.com\/shop\/index.php?rest_route=\/wp\/v2\/types\/product"}],"replies":[{"embeddable":true,"href":"https:\/\/ruth2m.com\/shop\/index.php?rest_route=%2Fwp%2Fv2%2Fcomments&post=1599"}],"wp:featuredmedia":[{"embeddable":true,"href":"https:\/\/ruth2m.com\/shop\/index.php?rest_route=\/wp\/v2\/media\/1603"}],"wp:attachment":[{"href":"https:\/\/ruth2m.com\/shop\/index.php?rest_route=%2Fwp%2Fv2%2Fmedia&parent=1599"}],"wp:term":[{"taxonomy":"product_brand","embeddable":true,"href":"https:\/\/ruth2m.com\/shop\/index.php?rest_route=%2Fwp%2Fv2%2Fproduct_brand&post=1599"},{"taxonomy":"product_cat","embeddable":true,"href":"https:\/\/ruth2m.com\/shop\/index.php?rest_route=%2Fwp%2Fv2%2Fproduct_cat&post=1599"},{"taxonomy":"product_tag","embeddable":true,"href":"https:\/\/ruth2m.com\/shop\/index.php?rest_route=%2Fwp%2Fv2%2Fproduct_tag&post=1599"}],"curies":[{"name":"wp","href":"https:\/\/api.w.org\/{rel}","templated":true}]}}