{"id":430,"date":"2021-02-02T09:41:19","date_gmt":"2021-02-02T08:41:19","guid":{"rendered":"https:\/\/ruth2m.com\/shop\/?post_type=product&#038;p=430"},"modified":"2021-02-08T16:04:15","modified_gmt":"2021-02-08T15:04:15","slug":"retrato-personalizado-chibiretrato","status":"publish","type":"product","link":"https:\/\/ruth2m.com\/shop\/?product=retrato-personalizado-chibiretrato","title":{"rendered":"RETRATO personalizado &#8211; CHIBIretrato"},"content":{"rendered":"<p><strong>\u00bfTe gusta la cultura japonesa y deseas verte como un personaje anime o manga?<\/strong><br \/>\nLa ilustraci\u00f3n chibiCOUPLE consiste en ilustraci\u00f3n\/caricatura de la pareja, dise\u00f1o e ilustraci\u00f3n 100% personalizado por ruth2m, con opci\u00f3n a 2 cambios parciales si no est\u00e1 a tu gusto.<\/p>\n<p>\u00b7 <strong>RETRATO de 1 o 2personajes<\/strong><br \/>\n\u00b7 100% handmade, ilustraci\u00f3n digital<br \/>\n(se entrega original de alta calidad digital, posibilidad de escoger versi\u00f3n impresa)<\/p>\n<p>&nbsp;<\/p>\n<p><strong>EXTRA.<\/strong><br \/>\nExiste la posibilidad de aplicar el retrato a mi <strong>\u00e1lbum JAPANtravel<\/strong> (<a href=\"https:\/\/www.printlife.shop\/collections\/ruth-martinez\/products\/album-japan-enso-travel-white\">ENSOtravel white<\/a> o <a href=\"https:\/\/www.printlife.shop\/collections\/ruth-martinez\/products\/enso-travel-red\">ENSOtravel red<\/a>) es un producto elaborado artesanalmente en Barcelona por PrintLife con los mejores materiales reciclados y dise\u00f1ado e ilustrado por ruth2m.<\/p>\n<p><strong>\u00e1lbum JAPANtravel + 25\u20ac<\/strong><br \/>\n\u00b7 Cubiertas de tela con encuadernaci\u00f3n japonesa hecha a mano, tama\u00f1o 23X23<br \/>\n\u00b7 40 p\u00e1ginas interiores en color crema 250 gr<\/p>\n<p>El <strong>cuadro3D JAPANtravel<\/strong> lucir\u00e1 el fondo de las cubiertas del \u00e1bum JAPANtravel, sobre el que aparecer\u00e1n 2\/3 capas que dotar\u00e1n a la ilustraci\u00f3n chibiCOUPLE de un efecto3D<\/p>\n<p>&nbsp;<\/p>\n","protected":false},"excerpt":{"rendered":"<p><strong>\u00bfTe gusta la cultura japonesa y deseas verte como un personaje anime o manga?<\/strong><br \/>\nLa ilustraci\u00f3n chibiCOUPLE consiste en ilustraci\u00f3n\/caricatura de la pareja, dise\u00f1o e ilustraci\u00f3n 100% personalizado por ruth2m, con opci\u00f3n a 2 cambios parciales si no est\u00e1 a tu gusto.<\/p>\n<p>\u00b7 <strong>RETRATO de 1 o 2personajes<\/strong><br \/>\n\u00b7 100% handmade, ilustraci\u00f3n digital<br \/>\n(se entrega original de alta calidad digital, posibilidad de escoger versi\u00f3n impresa)<\/p>\n<p>&nbsp;<\/p>\n<p><strong>EXTRA.<\/strong><br \/>\nExiste la posibilidad de aplicar el retrato a mi <strong>\u00e1lbum JAPANtravel<\/strong> (<a href=\"https:\/\/www.printlife.shop\/collections\/ruth-martinez\/products\/album-japan-enso-travel-white\">ENSOtravel white<\/a> o <a href=\"https:\/\/www.printlife.shop\/collections\/ruth-martinez\/products\/enso-travel-red\">ENSOtravel red<\/a>) es un producto elaborado artesanalmente en Barcelona por PrintLife con los mejores materiales reciclados y dise\u00f1ado e ilustrado por ruth2m.<\/p>\n","protected":false},"featured_media":431,"comment_status":"open","ping_status":"closed","template":"","meta":{"jetpack_post_was_ever_published":false,"jetpack_publicize_message":"","jetpack_publicize_feature_enabled":true,"jetpack_social_post_already_shared":true,"jetpack_social_options":{"image_generator_settings":{"template":"highway","default_image_id":0,"font":"","enabled":false},"version":2}},"product_brand":[],"product_cat":[27],"product_tag":[],"class_list":{"0":"post-430","1":"product","2":"type-product","3":"status-publish","4":"has-post-thumbnail","6":"product_cat-retratopersonalizado","8":"first","9":"onbackorder","10":"taxable","11":"shipping-taxable","12":"product-type-simple"},"yoast_head":"<!-- This site is optimized with the Yoast SEO plugin v27.4 - https:\/\/yoast.com\/product\/yoast-seo-wordpress\/ -->\n<title>RETRATO personalizado - CHIBIretrato - ruth2mSHOP<\/title>\n<meta name=\"robots\" content=\"index, follow, max-snippet:-1, max-image-preview:large, max-video-preview:-1\" \/>\n<link rel=\"canonical\" href=\"https:\/\/ruth2m.com\/shop\/?product=retrato-personalizado-chibiretrato\" \/>\n<meta property=\"og:locale\" content=\"es_ES\" \/>\n<meta property=\"og:type\" content=\"article\" \/>\n<meta property=\"og:title\" content=\"RETRATO personalizado - CHIBIretrato - ruth2mSHOP\" \/>\n<meta property=\"og:description\" content=\"\u00bfTe gusta la cultura japonesa y deseas verte como un personaje anime o manga? La ilustraci\u00f3n chibiCOUPLE consiste en ilustraci\u00f3n\/caricatura de la pareja, dise\u00f1o e ilustraci\u00f3n 100% personalizado por ruth2m, con opci\u00f3n a 2 cambios parciales si no est\u00e1 a tu gusto.  \u00b7 RETRATO de 1 o 2personajes \u00b7 100% handmade, ilustraci\u00f3n digital (se entrega original de alta calidad digital, posibilidad de escoger versi\u00f3n impresa)  &nbsp;  EXTRA. Existe la posibilidad de aplicar el retrato a mi \u00e1lbum JAPANtravel (ENSOtravel white o ENSOtravel red) es un producto elaborado artesanalmente en Barcelona por PrintLife con los mejores materiales reciclados y dise\u00f1ado e ilustrado por ruth2m.\" \/>\n<meta property=\"og:url\" content=\"https:\/\/ruth2m.com\/shop\/?product=retrato-personalizado-chibiretrato\" \/>\n<meta property=\"og:site_name\" content=\"ruth2mSHOP\" \/>\n<meta property=\"article:modified_time\" content=\"2021-02-08T15:04:15+00:00\" \/>\n<meta property=\"og:image\" content=\"https:\/\/ruth2m.com\/shop\/wp-content\/uploads\/2021\/02\/CHIBIretrato-RetratoJaponesKawaii_ruth2mARTIST.jpg\" \/>\n\t<meta property=\"og:image:width\" content=\"900\" \/>\n\t<meta property=\"og:image:height\" content=\"900\" \/>\n\t<meta property=\"og:image:type\" content=\"image\/jpeg\" \/>\n<meta name=\"twitter:card\" content=\"summary_large_image\" \/>\n<meta name=\"twitter:label1\" content=\"Tiempo de lectura\" \/>\n\t<meta name=\"twitter:data1\" content=\"1 minuto\" \/>\n<script type=\"application\/ld+json\" class=\"yoast-schema-graph\">{\"@context\":\"https:\\\/\\\/schema.org\",\"@graph\":[{\"@type\":\"WebPage\",\"@id\":\"https:\\\/\\\/ruth2m.com\\\/shop\\\/?product=retrato-personalizado-chibiretrato\",\"url\":\"https:\\\/\\\/ruth2m.com\\\/shop\\\/?product=retrato-personalizado-chibiretrato\",\"name\":\"RETRATO personalizado - CHIBIretrato - ruth2mSHOP\",\"isPartOf\":{\"@id\":\"https:\\\/\\\/ruth2m.com\\\/shop\\\/#website\"},\"primaryImageOfPage\":{\"@id\":\"https:\\\/\\\/ruth2m.com\\\/shop\\\/?product=retrato-personalizado-chibiretrato#primaryimage\"},\"image\":{\"@id\":\"https:\\\/\\\/ruth2m.com\\\/shop\\\/?product=retrato-personalizado-chibiretrato#primaryimage\"},\"thumbnailUrl\":\"https:\\\/\\\/ruth2m.com\\\/shop\\\/wp-content\\\/uploads\\\/2021\\\/02\\\/CHIBIretrato-RetratoJaponesKawaii_ruth2mARTIST.jpg\",\"datePublished\":\"2021-02-02T08:41:19+00:00\",\"dateModified\":\"2021-02-08T15:04:15+00:00\",\"breadcrumb\":{\"@id\":\"https:\\\/\\\/ruth2m.com\\\/shop\\\/?product=retrato-personalizado-chibiretrato#breadcrumb\"},\"inLanguage\":\"es\",\"potentialAction\":[{\"@type\":\"ReadAction\",\"target\":[\"https:\\\/\\\/ruth2m.com\\\/shop\\\/?product=retrato-personalizado-chibiretrato\"]}]},{\"@type\":\"ImageObject\",\"inLanguage\":\"es\",\"@id\":\"https:\\\/\\\/ruth2m.com\\\/shop\\\/?product=retrato-personalizado-chibiretrato#primaryimage\",\"url\":\"https:\\\/\\\/ruth2m.com\\\/shop\\\/wp-content\\\/uploads\\\/2021\\\/02\\\/CHIBIretrato-RetratoJaponesKawaii_ruth2mARTIST.jpg\",\"contentUrl\":\"https:\\\/\\\/ruth2m.com\\\/shop\\\/wp-content\\\/uploads\\\/2021\\\/02\\\/CHIBIretrato-RetratoJaponesKawaii_ruth2mARTIST.jpg\",\"width\":900,\"height\":900,\"caption\":\"CHIBIretrato-RetratoJaponesKawaii_ruth2mARTIST\"},{\"@type\":\"BreadcrumbList\",\"@id\":\"https:\\\/\\\/ruth2m.com\\\/shop\\\/?product=retrato-personalizado-chibiretrato#breadcrumb\",\"itemListElement\":[{\"@type\":\"ListItem\",\"position\":1,\"name\":\"Portada\",\"item\":\"https:\\\/\\\/ruth2m.com\\\/shop\\\/\"},{\"@type\":\"ListItem\",\"position\":2,\"name\":\"Shop\",\"item\":\"https:\\\/\\\/ruth2m.com\\\/shop\\\/?page_id=6\"},{\"@type\":\"ListItem\",\"position\":3,\"name\":\"RETRATO personalizado &#8211; CHIBIretrato\"}]},{\"@type\":\"WebSite\",\"@id\":\"https:\\\/\\\/ruth2m.com\\\/shop\\\/#website\",\"url\":\"https:\\\/\\\/ruth2m.com\\\/shop\\\/\",\"name\":\"ruth2mSHOP\",\"description\":\"PAPELERIA BONITA y stickers KAWAII, soluciones para FAMILIAS, regalos originales y personalizados, TALLERES de dibujo y c\u00f3mic MANGA\",\"potentialAction\":[{\"@type\":\"SearchAction\",\"target\":{\"@type\":\"EntryPoint\",\"urlTemplate\":\"https:\\\/\\\/ruth2m.com\\\/shop\\\/?s={search_term_string}\"},\"query-input\":{\"@type\":\"PropertyValueSpecification\",\"valueRequired\":true,\"valueName\":\"search_term_string\"}}],\"inLanguage\":\"es\"}]}<\/script>\n<!-- \/ Yoast SEO plugin. -->","yoast_head_json":{"title":"RETRATO personalizado - CHIBIretrato - ruth2mSHOP","robots":{"index":"index","follow":"follow","max-snippet":"max-snippet:-1","max-image-preview":"max-image-preview:large","max-video-preview":"max-video-preview:-1"},"canonical":"https:\/\/ruth2m.com\/shop\/?product=retrato-personalizado-chibiretrato","og_locale":"es_ES","og_type":"article","og_title":"RETRATO personalizado - CHIBIretrato - ruth2mSHOP","og_description":"\u00bfTe gusta la cultura japonesa y deseas verte como un personaje anime o manga? La ilustraci\u00f3n chibiCOUPLE consiste en ilustraci\u00f3n\/caricatura de la pareja, dise\u00f1o e ilustraci\u00f3n 100% personalizado por ruth2m, con opci\u00f3n a 2 cambios parciales si no est\u00e1 a tu gusto.  \u00b7 RETRATO de 1 o 2personajes \u00b7 100% handmade, ilustraci\u00f3n digital (se entrega original de alta calidad digital, posibilidad de escoger versi\u00f3n impresa)  &nbsp;  EXTRA. Existe la posibilidad de aplicar el retrato a mi \u00e1lbum JAPANtravel (ENSOtravel white o ENSOtravel red) es un producto elaborado artesanalmente en Barcelona por PrintLife con los mejores materiales reciclados y dise\u00f1ado e ilustrado por ruth2m.","og_url":"https:\/\/ruth2m.com\/shop\/?product=retrato-personalizado-chibiretrato","og_site_name":"ruth2mSHOP","article_modified_time":"2021-02-08T15:04:15+00:00","og_image":[{"width":900,"height":900,"url":"https:\/\/ruth2m.com\/shop\/wp-content\/uploads\/2021\/02\/CHIBIretrato-RetratoJaponesKawaii_ruth2mARTIST.jpg","type":"image\/jpeg"}],"twitter_card":"summary_large_image","twitter_misc":{"Tiempo de lectura":"1 minuto"},"schema":{"@context":"https:\/\/schema.org","@graph":[{"@type":"WebPage","@id":"https:\/\/ruth2m.com\/shop\/?product=retrato-personalizado-chibiretrato","url":"https:\/\/ruth2m.com\/shop\/?product=retrato-personalizado-chibiretrato","name":"RETRATO personalizado - CHIBIretrato - ruth2mSHOP","isPartOf":{"@id":"https:\/\/ruth2m.com\/shop\/#website"},"primaryImageOfPage":{"@id":"https:\/\/ruth2m.com\/shop\/?product=retrato-personalizado-chibiretrato#primaryimage"},"image":{"@id":"https:\/\/ruth2m.com\/shop\/?product=retrato-personalizado-chibiretrato#primaryimage"},"thumbnailUrl":"https:\/\/ruth2m.com\/shop\/wp-content\/uploads\/2021\/02\/CHIBIretrato-RetratoJaponesKawaii_ruth2mARTIST.jpg","datePublished":"2021-02-02T08:41:19+00:00","dateModified":"2021-02-08T15:04:15+00:00","breadcrumb":{"@id":"https:\/\/ruth2m.com\/shop\/?product=retrato-personalizado-chibiretrato#breadcrumb"},"inLanguage":"es","potentialAction":[{"@type":"ReadAction","target":["https:\/\/ruth2m.com\/shop\/?product=retrato-personalizado-chibiretrato"]}]},{"@type":"ImageObject","inLanguage":"es","@id":"https:\/\/ruth2m.com\/shop\/?product=retrato-personalizado-chibiretrato#primaryimage","url":"https:\/\/ruth2m.com\/shop\/wp-content\/uploads\/2021\/02\/CHIBIretrato-RetratoJaponesKawaii_ruth2mARTIST.jpg","contentUrl":"https:\/\/ruth2m.com\/shop\/wp-content\/uploads\/2021\/02\/CHIBIretrato-RetratoJaponesKawaii_ruth2mARTIST.jpg","width":900,"height":900,"caption":"CHIBIretrato-RetratoJaponesKawaii_ruth2mARTIST"},{"@type":"BreadcrumbList","@id":"https:\/\/ruth2m.com\/shop\/?product=retrato-personalizado-chibiretrato#breadcrumb","itemListElement":[{"@type":"ListItem","position":1,"name":"Portada","item":"https:\/\/ruth2m.com\/shop\/"},{"@type":"ListItem","position":2,"name":"Shop","item":"https:\/\/ruth2m.com\/shop\/?page_id=6"},{"@type":"ListItem","position":3,"name":"RETRATO personalizado &#8211; CHIBIretrato"}]},{"@type":"WebSite","@id":"https:\/\/ruth2m.com\/shop\/#website","url":"https:\/\/ruth2m.com\/shop\/","name":"ruth2mSHOP","description":"PAPELERIA BONITA y stickers KAWAII, soluciones para FAMILIAS, regalos originales y personalizados, TALLERES de dibujo y c\u00f3mic MANGA","potentialAction":[{"@type":"SearchAction","target":{"@type":"EntryPoint","urlTemplate":"https:\/\/ruth2m.com\/shop\/?s={search_term_string}"},"query-input":{"@type":"PropertyValueSpecification","valueRequired":true,"valueName":"search_term_string"}}],"inLanguage":"es"}]}},"jetpack_publicize_connections":[],"jetpack_sharing_enabled":true,"_links":{"self":[{"href":"https:\/\/ruth2m.com\/shop\/index.php?rest_route=\/wp\/v2\/product\/430","targetHints":{"allow":["GET"]}}],"collection":[{"href":"https:\/\/ruth2m.com\/shop\/index.php?rest_route=\/wp\/v2\/product"}],"about":[{"href":"https:\/\/ruth2m.com\/shop\/index.php?rest_route=\/wp\/v2\/types\/product"}],"replies":[{"embeddable":true,"href":"https:\/\/ruth2m.com\/shop\/index.php?rest_route=%2Fwp%2Fv2%2Fcomments&post=430"}],"wp:featuredmedia":[{"embeddable":true,"href":"https:\/\/ruth2m.com\/shop\/index.php?rest_route=\/wp\/v2\/media\/431"}],"wp:attachment":[{"href":"https:\/\/ruth2m.com\/shop\/index.php?rest_route=%2Fwp%2Fv2%2Fmedia&parent=430"}],"wp:term":[{"taxonomy":"product_brand","embeddable":true,"href":"https:\/\/ruth2m.com\/shop\/index.php?rest_route=%2Fwp%2Fv2%2Fproduct_brand&post=430"},{"taxonomy":"product_cat","embeddable":true,"href":"https:\/\/ruth2m.com\/shop\/index.php?rest_route=%2Fwp%2Fv2%2Fproduct_cat&post=430"},{"taxonomy":"product_tag","embeddable":true,"href":"https:\/\/ruth2m.com\/shop\/index.php?rest_route=%2Fwp%2Fv2%2Fproduct_tag&post=430"}],"curies":[{"name":"wp","href":"https:\/\/api.w.org\/{rel}","templated":true}]}}