{"id":81,"date":"2020-04-07T00:51:14","date_gmt":"2020-04-06T22:51:14","guid":{"rendered":"http:\/\/ruth2m.com\/shop\/?post_type=product&#038;p=81"},"modified":"2020-11-29T12:03:38","modified_gmt":"2020-11-29T11:03:38","slug":"mantadepicnic-castlegames-personalizada","status":"publish","type":"product","link":"https:\/\/ruth2m.com\/shop\/?product=mantadepicnic-castlegames-personalizada","title":{"rendered":"MANTAdeP\u00cdCNIC Castle&#038;Games (personalizada)"},"content":{"rendered":"<p>Unas mantas grandes (<em>en las que poder tumbarse toda la familia<\/em>) con las que\u00a0poder transportar juguetes de gran tama\u00f1o\u00a0(<em>adem\u00e1s de juguetes, mu\u00f1ecas y piezas con las que interactuar en la alfombra<\/em>) y fomentar su imaginaci\u00f3n, pues son\u00a0<strong>#Juegos2D<\/strong>\u00a0donde la perspectiva es simulada.\u00a0Juegos de Mesa, tradicionales e imaginativos, que puedas jugar utilizando como fichas elementos de la naturaleza.<\/p>\n<p>&nbsp;<\/p>\n<p style=\"text-align: right;\"><strong><img loading=\"lazy\" decoding=\"async\" class=\"wp-image-7311 size-full alignright\" src=\"http:\/\/ruth2m.com\/wp-content\/uploads\/2017\/09\/PASOaPASO_comprarMANTASruth2m-2.png\" alt=\"\" width=\"178\" height=\"284\" \/>ELIGE entre los 3 MODELOS<\/strong><br \/>\n(<em>MANTAdeP\u00cdCNIC <\/em><em>Cars&amp;Trains \u2013 MANTAdeP\u00cdCNIC Dinos&amp;Lions &#8211; MANTAdeP\u00cdCNIC Castle&amp;Games<\/em>)<\/p>\n<p style=\"text-align: right;\"><strong>ponte en CONTACTO con\u00a0<u><a href=\"mailto:ruth2m@gmail.com?Subject=MANTASdePICNIC_personalizacion\">ruth2m<\/a><\/u><\/strong><br \/>\ny hablamos detalles de la personalizaci\u00f3n, con caricaturasCHIBI de tu familia<\/p>\n<p style=\"text-align: right;\"><strong>enviame FOTO para la personalizaci\u00f3n<\/strong><br \/>\n<strong>IMPORTANTE.<\/strong>\u00a0las fotos que envi\u00e9is NUNCA ser\u00e1n publicadas por m\u00ed en internet, al acabar la personalizaci\u00f3n las borrar\u00e9 de mis archivos<\/p>\n<p style=\"text-align: right;\">una vez\u00a0recibido el\u00a0<strong>pago en PAYPAL o transferencia<\/strong>\u00a0empezar\u00e9 a personalizar la manta escogida\u00a0\u2026y una vez terminada la personalizaci\u00f3n, de los miembros de tu familia,\u00a0har\u00e9 el PEDIDO a RegalosPersonales\u00a0<strong>envi\u00e1ndolo a vuestra direcci\u00f3n<\/strong><\/p>\n","protected":false},"excerpt":{"rendered":"<p>Personaliza tu MANTAdeP\u00cdCNIC!!<br \/>\nMantas grandes (en las que poder tumbarse toda la familia) con las que poder transportar juguetes de gran tama\u00f1o (<em>adem\u00e1s de juguetes, mu\u00f1ecas y piezas con las que interactuar en la alfombra<\/em>) y fomentar su imaginaci\u00f3n, pues son #Juegos2D donde la perspectiva es simulada. Juegos de Mesa, tradicionales e imaginativos, que puedas jugar utilizando como fichas elementos de la naturaleza.<\/p>\n","protected":false},"featured_media":290,"comment_status":"open","ping_status":"closed","template":"","meta":{"jetpack_post_was_ever_published":false,"jetpack_publicize_message":"","jetpack_publicize_feature_enabled":true,"jetpack_social_post_already_shared":true,"jetpack_social_options":{"image_generator_settings":{"template":"highway","default_image_id":0,"font":"","enabled":false},"version":2}},"product_brand":[],"product_cat":[16],"product_tag":[38,37,34,33,32,35],"class_list":{"0":"post-81","1":"product","2":"type-product","3":"status-publish","4":"has-post-thumbnail","6":"product_cat-mantadepicnic","7":"product_tag-castle","8":"product_tag-games","9":"product_tag-juegos","10":"product_tag-juguetes","11":"product_tag-mantadejuego","12":"product_tag-ninos","14":"first","15":"onbackorder","16":"taxable","17":"shipping-taxable","18":"purchasable","19":"product-type-simple"},"yoast_head":"<!-- This site is optimized with the Yoast SEO plugin v27.2 - https:\/\/yoast.com\/product\/yoast-seo-wordpress\/ -->\n<title>MANTAdeP\u00cdCNIC Castle&amp;Games (personalizada) - ruth2mSHOP<\/title>\n<meta name=\"robots\" content=\"index, follow, max-snippet:-1, max-image-preview:large, max-video-preview:-1\" \/>\n<link rel=\"canonical\" href=\"https:\/\/ruth2m.com\/shop\/?product=mantadepicnic-castlegames-personalizada\" \/>\n<meta property=\"og:locale\" content=\"es_ES\" \/>\n<meta property=\"og:type\" content=\"article\" \/>\n<meta property=\"og:title\" content=\"MANTAdeP\u00cdCNIC Castle&amp;Games (personalizada) - ruth2mSHOP\" \/>\n<meta property=\"og:description\" content=\"Personaliza tu MANTAdeP\u00cdCNIC!! Mantas grandes (en las que poder tumbarse toda la familia) con las que poder transportar juguetes de gran tama\u00f1o (adem\u00e1s de juguetes, mu\u00f1ecas y piezas con las que interactuar en la alfombra) y fomentar su imaginaci\u00f3n, pues son #Juegos2D donde la perspectiva es simulada. Juegos de Mesa, tradicionales e imaginativos, que puedas jugar utilizando como fichas elementos de la naturaleza.\" \/>\n<meta property=\"og:url\" content=\"https:\/\/ruth2m.com\/shop\/?product=mantadepicnic-castlegames-personalizada\" \/>\n<meta property=\"og:site_name\" content=\"ruth2mSHOP\" \/>\n<meta property=\"article:modified_time\" content=\"2020-11-29T11:03:38+00:00\" \/>\n<meta property=\"og:image\" content=\"https:\/\/ruth2m.com\/shop\/wp-content\/uploads\/2020\/04\/MANTAdePICNIC_CastleGames_IMG0portada2.jpg\" \/>\n\t<meta property=\"og:image:width\" content=\"800\" \/>\n\t<meta property=\"og:image:height\" content=\"800\" \/>\n\t<meta property=\"og:image:type\" content=\"image\/jpeg\" \/>\n<meta name=\"twitter:card\" content=\"summary_large_image\" \/>\n<meta name=\"twitter:label1\" content=\"Tiempo de lectura\" \/>\n\t<meta name=\"twitter:data1\" content=\"1 minuto\" \/>\n<script type=\"application\/ld+json\" class=\"yoast-schema-graph\">{\"@context\":\"https:\/\/schema.org\",\"@graph\":[{\"@type\":\"WebPage\",\"@id\":\"https:\/\/ruth2m.com\/shop\/?product=mantadepicnic-castlegames-personalizada\",\"url\":\"https:\/\/ruth2m.com\/shop\/?product=mantadepicnic-castlegames-personalizada\",\"name\":\"MANTAdeP\u00cdCNIC Castle&Games (personalizada) - ruth2mSHOP\",\"isPartOf\":{\"@id\":\"https:\/\/ruth2m.com\/shop\/#website\"},\"primaryImageOfPage\":{\"@id\":\"https:\/\/ruth2m.com\/shop\/?product=mantadepicnic-castlegames-personalizada#primaryimage\"},\"image\":{\"@id\":\"https:\/\/ruth2m.com\/shop\/?product=mantadepicnic-castlegames-personalizada#primaryimage\"},\"thumbnailUrl\":\"https:\/\/ruth2m.com\/shop\/wp-content\/uploads\/2020\/04\/MANTAdePICNIC_CastleGames_IMG0portada2.jpg\",\"datePublished\":\"2020-04-06T22:51:14+00:00\",\"dateModified\":\"2020-11-29T11:03:38+00:00\",\"breadcrumb\":{\"@id\":\"https:\/\/ruth2m.com\/shop\/?product=mantadepicnic-castlegames-personalizada#breadcrumb\"},\"inLanguage\":\"es\",\"potentialAction\":[{\"@type\":\"ReadAction\",\"target\":[\"https:\/\/ruth2m.com\/shop\/?product=mantadepicnic-castlegames-personalizada\"]}]},{\"@type\":\"ImageObject\",\"inLanguage\":\"es\",\"@id\":\"https:\/\/ruth2m.com\/shop\/?product=mantadepicnic-castlegames-personalizada#primaryimage\",\"url\":\"https:\/\/ruth2m.com\/shop\/wp-content\/uploads\/2020\/04\/MANTAdePICNIC_CastleGames_IMG0portada2.jpg\",\"contentUrl\":\"https:\/\/ruth2m.com\/shop\/wp-content\/uploads\/2020\/04\/MANTAdePICNIC_CastleGames_IMG0portada2.jpg\",\"width\":800,\"height\":800,\"caption\":\"MANTAdePICNIC_Castle&Games_IMG0portada2\"},{\"@type\":\"BreadcrumbList\",\"@id\":\"https:\/\/ruth2m.com\/shop\/?product=mantadepicnic-castlegames-personalizada#breadcrumb\",\"itemListElement\":[{\"@type\":\"ListItem\",\"position\":1,\"name\":\"Portada\",\"item\":\"https:\/\/ruth2m.com\/shop\/\"},{\"@type\":\"ListItem\",\"position\":2,\"name\":\"Shop\",\"item\":\"https:\/\/ruth2m.com\/shop\/?page_id=6\"},{\"@type\":\"ListItem\",\"position\":3,\"name\":\"MANTAdeP\u00cdCNIC Castle&#038;Games (personalizada)\"}]},{\"@type\":\"WebSite\",\"@id\":\"https:\/\/ruth2m.com\/shop\/#website\",\"url\":\"https:\/\/ruth2m.com\/shop\/\",\"name\":\"ruth2mSHOP\",\"description\":\"PAPELERIA BONITA y stickers KAWAII, soluciones para FAMILIAS, regalos originales y personalizados, TALLERES de dibujo y c\u00f3mic MANGA\",\"potentialAction\":[{\"@type\":\"SearchAction\",\"target\":{\"@type\":\"EntryPoint\",\"urlTemplate\":\"https:\/\/ruth2m.com\/shop\/?s={search_term_string}\"},\"query-input\":{\"@type\":\"PropertyValueSpecification\",\"valueRequired\":true,\"valueName\":\"search_term_string\"}}],\"inLanguage\":\"es\"}]}<\/script>\n<!-- \/ Yoast SEO plugin. -->","yoast_head_json":{"title":"MANTAdeP\u00cdCNIC Castle&Games (personalizada) - ruth2mSHOP","robots":{"index":"index","follow":"follow","max-snippet":"max-snippet:-1","max-image-preview":"max-image-preview:large","max-video-preview":"max-video-preview:-1"},"canonical":"https:\/\/ruth2m.com\/shop\/?product=mantadepicnic-castlegames-personalizada","og_locale":"es_ES","og_type":"article","og_title":"MANTAdeP\u00cdCNIC Castle&Games (personalizada) - ruth2mSHOP","og_description":"Personaliza tu MANTAdeP\u00cdCNIC!! Mantas grandes (en las que poder tumbarse toda la familia) con las que poder transportar juguetes de gran tama\u00f1o (adem\u00e1s de juguetes, mu\u00f1ecas y piezas con las que interactuar en la alfombra) y fomentar su imaginaci\u00f3n, pues son #Juegos2D donde la perspectiva es simulada. Juegos de Mesa, tradicionales e imaginativos, que puedas jugar utilizando como fichas elementos de la naturaleza.","og_url":"https:\/\/ruth2m.com\/shop\/?product=mantadepicnic-castlegames-personalizada","og_site_name":"ruth2mSHOP","article_modified_time":"2020-11-29T11:03:38+00:00","og_image":[{"width":800,"height":800,"url":"https:\/\/ruth2m.com\/shop\/wp-content\/uploads\/2020\/04\/MANTAdePICNIC_CastleGames_IMG0portada2.jpg","type":"image\/jpeg"}],"twitter_card":"summary_large_image","twitter_misc":{"Tiempo de lectura":"1 minuto"},"schema":{"@context":"https:\/\/schema.org","@graph":[{"@type":"WebPage","@id":"https:\/\/ruth2m.com\/shop\/?product=mantadepicnic-castlegames-personalizada","url":"https:\/\/ruth2m.com\/shop\/?product=mantadepicnic-castlegames-personalizada","name":"MANTAdeP\u00cdCNIC Castle&Games (personalizada) - ruth2mSHOP","isPartOf":{"@id":"https:\/\/ruth2m.com\/shop\/#website"},"primaryImageOfPage":{"@id":"https:\/\/ruth2m.com\/shop\/?product=mantadepicnic-castlegames-personalizada#primaryimage"},"image":{"@id":"https:\/\/ruth2m.com\/shop\/?product=mantadepicnic-castlegames-personalizada#primaryimage"},"thumbnailUrl":"https:\/\/ruth2m.com\/shop\/wp-content\/uploads\/2020\/04\/MANTAdePICNIC_CastleGames_IMG0portada2.jpg","datePublished":"2020-04-06T22:51:14+00:00","dateModified":"2020-11-29T11:03:38+00:00","breadcrumb":{"@id":"https:\/\/ruth2m.com\/shop\/?product=mantadepicnic-castlegames-personalizada#breadcrumb"},"inLanguage":"es","potentialAction":[{"@type":"ReadAction","target":["https:\/\/ruth2m.com\/shop\/?product=mantadepicnic-castlegames-personalizada"]}]},{"@type":"ImageObject","inLanguage":"es","@id":"https:\/\/ruth2m.com\/shop\/?product=mantadepicnic-castlegames-personalizada#primaryimage","url":"https:\/\/ruth2m.com\/shop\/wp-content\/uploads\/2020\/04\/MANTAdePICNIC_CastleGames_IMG0portada2.jpg","contentUrl":"https:\/\/ruth2m.com\/shop\/wp-content\/uploads\/2020\/04\/MANTAdePICNIC_CastleGames_IMG0portada2.jpg","width":800,"height":800,"caption":"MANTAdePICNIC_Castle&Games_IMG0portada2"},{"@type":"BreadcrumbList","@id":"https:\/\/ruth2m.com\/shop\/?product=mantadepicnic-castlegames-personalizada#breadcrumb","itemListElement":[{"@type":"ListItem","position":1,"name":"Portada","item":"https:\/\/ruth2m.com\/shop\/"},{"@type":"ListItem","position":2,"name":"Shop","item":"https:\/\/ruth2m.com\/shop\/?page_id=6"},{"@type":"ListItem","position":3,"name":"MANTAdeP\u00cdCNIC Castle&#038;Games (personalizada)"}]},{"@type":"WebSite","@id":"https:\/\/ruth2m.com\/shop\/#website","url":"https:\/\/ruth2m.com\/shop\/","name":"ruth2mSHOP","description":"PAPELERIA BONITA y stickers KAWAII, soluciones para FAMILIAS, regalos originales y personalizados, TALLERES de dibujo y c\u00f3mic MANGA","potentialAction":[{"@type":"SearchAction","target":{"@type":"EntryPoint","urlTemplate":"https:\/\/ruth2m.com\/shop\/?s={search_term_string}"},"query-input":{"@type":"PropertyValueSpecification","valueRequired":true,"valueName":"search_term_string"}}],"inLanguage":"es"}]}},"jetpack_publicize_connections":[],"jetpack_sharing_enabled":true,"_links":{"self":[{"href":"https:\/\/ruth2m.com\/shop\/index.php?rest_route=\/wp\/v2\/product\/81","targetHints":{"allow":["GET"]}}],"collection":[{"href":"https:\/\/ruth2m.com\/shop\/index.php?rest_route=\/wp\/v2\/product"}],"about":[{"href":"https:\/\/ruth2m.com\/shop\/index.php?rest_route=\/wp\/v2\/types\/product"}],"replies":[{"embeddable":true,"href":"https:\/\/ruth2m.com\/shop\/index.php?rest_route=%2Fwp%2Fv2%2Fcomments&post=81"}],"wp:featuredmedia":[{"embeddable":true,"href":"https:\/\/ruth2m.com\/shop\/index.php?rest_route=\/wp\/v2\/media\/290"}],"wp:attachment":[{"href":"https:\/\/ruth2m.com\/shop\/index.php?rest_route=%2Fwp%2Fv2%2Fmedia&parent=81"}],"wp:term":[{"taxonomy":"product_brand","embeddable":true,"href":"https:\/\/ruth2m.com\/shop\/index.php?rest_route=%2Fwp%2Fv2%2Fproduct_brand&post=81"},{"taxonomy":"product_cat","embeddable":true,"href":"https:\/\/ruth2m.com\/shop\/index.php?rest_route=%2Fwp%2Fv2%2Fproduct_cat&post=81"},{"taxonomy":"product_tag","embeddable":true,"href":"https:\/\/ruth2m.com\/shop\/index.php?rest_route=%2Fwp%2Fv2%2Fproduct_tag&post=81"}],"curies":[{"name":"wp","href":"https:\/\/api.w.org\/{rel}","templated":true}]}}