{"id":83,"date":"2020-04-08T22:54:16","date_gmt":"2020-04-08T20:54:16","guid":{"rendered":"http:\/\/ruth2m.com\/shop\/?post_type=product&#038;p=83"},"modified":"2024-07-18T20:39:46","modified_gmt":"2024-07-18T18:39:46","slug":"libreta-mujeresconhistoria","status":"publish","type":"product","link":"https:\/\/ruth2m.com\/shop\/?product=libreta-mujeresconhistoria","title":{"rendered":"LIBRETA &#8216;MujeresConHistoria&#8217;"},"content":{"rendered":"<p>NOTEBOOK SOFT 13X21<\/p>\n<p>Cada libreta es elaborada artesanalmente en Barcelona con los mejores materiales reciclados.<br \/>\nLa ilustraci\u00f3n y la calidad del producto se hermanan en esta libreta de encuadernaci\u00f3n artesanal que contribuye a la salud del planeta.<\/p>\n<p>\u00bfC\u00f3mo mantenerlo perfecto? La portada est\u00e1 realizada con papel texturado y se puede limpiar con un pa\u00f1o seco.<\/p>\n<p>PAPEL INTERIOR<\/p>\n<p>100% Reciclado<br \/>\nCertificado FSC<br \/>\nApertura 180\u00ba<br \/>\n115 gramos<br \/>\n128 p\u00e1ginas<br \/>\nPauta con puntos<br \/>\n13&#215;21 cm<\/p>\n","protected":false},"excerpt":{"rendered":"<p>Una libreta con frase inspiradora, en el reverso, que nos recuerda algunas de las mujeres m\u00e1s importantes de la historia. Las ilustraciones forman parte de un juego descargable ilustrado para BuhoCo &#8230;pero ademas quise traerlo en forma de libreta, impreso por PrintLife.<\/p>\n<p>Puedes adquirir la libreta haciendo una pre-reserva y cuando alcance las 20 unidades empezar\u00e1n a imprimirse.<br \/>\n(Los procesos de env\u00edo se demorar\u00e1n un poco, debido a la situaci\u00f3n actual)<\/p>\n","protected":false},"featured_media":94,"comment_status":"open","ping_status":"closed","template":"","meta":{"jetpack_post_was_ever_published":false,"jetpack_publicize_message":"","jetpack_publicize_feature_enabled":true,"jetpack_social_post_already_shared":true,"jetpack_social_options":{"image_generator_settings":{"template":"highway","default_image_id":0,"font":"","enabled":false},"version":2}},"product_brand":[],"product_cat":[24,54],"product_tag":[44,43,39,45,42,41,40],"class_list":{"0":"post-83","1":"product","2":"type-product","3":"status-publish","4":"has-post-thumbnail","6":"product_cat-libreta","7":"product_cat-papeleria","8":"product_tag-historia","9":"product_tag-importantes","10":"product_tag-libreta","11":"product_tag-mujerenlaciencia","12":"product_tag-mujeres","13":"product_tag-notebook","14":"product_tag-papeleria","16":"first","17":"instock","18":"taxable","19":"shipping-taxable","20":"purchasable","21":"product-type-simple"},"yoast_head":"<!-- This site is optimized with the Yoast SEO plugin v27.4 - https:\/\/yoast.com\/product\/yoast-seo-wordpress\/ -->\n<title>LIBRETA &#039;MujeresConHistoria&#039; - ruth2mSHOP<\/title>\n<meta name=\"robots\" content=\"index, follow, max-snippet:-1, max-image-preview:large, max-video-preview:-1\" \/>\n<link rel=\"canonical\" href=\"https:\/\/ruth2m.com\/shop\/?product=libreta-mujeresconhistoria\" \/>\n<meta property=\"og:locale\" content=\"es_ES\" \/>\n<meta property=\"og:type\" content=\"article\" \/>\n<meta property=\"og:title\" content=\"LIBRETA &#039;MujeresConHistoria&#039; - ruth2mSHOP\" \/>\n<meta property=\"og:description\" content=\"Una libreta con frase inspiradora, en el reverso, que nos recuerda algunas de las mujeres m\u00e1s importantes de la historia. Las ilustraciones forman parte de un juego descargable ilustrado para BuhoCo ...pero ademas quise traerlo en forma de libreta, impreso por PrintLife.  Puedes adquirir la libreta haciendo una pre-reserva y cuando alcance las 20 unidades empezar\u00e1n a imprimirse. (Los procesos de env\u00edo se demorar\u00e1n un poco, debido a la situaci\u00f3n actual)\" \/>\n<meta property=\"og:url\" content=\"https:\/\/ruth2m.com\/shop\/?product=libreta-mujeresconhistoria\" \/>\n<meta property=\"og:site_name\" content=\"ruth2mSHOP\" \/>\n<meta property=\"article:modified_time\" content=\"2024-07-18T18:39:46+00:00\" \/>\n<meta property=\"og:image\" content=\"https:\/\/ruth2m.com\/shop\/wp-content\/uploads\/2020\/04\/MujeresConHistoria_LIBRETAante.jpg\" \/>\n\t<meta property=\"og:image:width\" content=\"1600\" \/>\n\t<meta property=\"og:image:height\" content=\"1600\" \/>\n\t<meta property=\"og:image:type\" content=\"image\/jpeg\" \/>\n<meta name=\"twitter:card\" content=\"summary_large_image\" \/>\n<script type=\"application\/ld+json\" class=\"yoast-schema-graph\">{\"@context\":\"https:\\\/\\\/schema.org\",\"@graph\":[{\"@type\":\"WebPage\",\"@id\":\"https:\\\/\\\/ruth2m.com\\\/shop\\\/?product=libreta-mujeresconhistoria\",\"url\":\"https:\\\/\\\/ruth2m.com\\\/shop\\\/?product=libreta-mujeresconhistoria\",\"name\":\"LIBRETA 'MujeresConHistoria' - ruth2mSHOP\",\"isPartOf\":{\"@id\":\"https:\\\/\\\/ruth2m.com\\\/shop\\\/#website\"},\"primaryImageOfPage\":{\"@id\":\"https:\\\/\\\/ruth2m.com\\\/shop\\\/?product=libreta-mujeresconhistoria#primaryimage\"},\"image\":{\"@id\":\"https:\\\/\\\/ruth2m.com\\\/shop\\\/?product=libreta-mujeresconhistoria#primaryimage\"},\"thumbnailUrl\":\"https:\\\/\\\/ruth2m.com\\\/shop\\\/wp-content\\\/uploads\\\/2020\\\/04\\\/MujeresConHistoria_LIBRETAante.jpg\",\"datePublished\":\"2020-04-08T20:54:16+00:00\",\"dateModified\":\"2024-07-18T18:39:46+00:00\",\"breadcrumb\":{\"@id\":\"https:\\\/\\\/ruth2m.com\\\/shop\\\/?product=libreta-mujeresconhistoria#breadcrumb\"},\"inLanguage\":\"es\",\"potentialAction\":[{\"@type\":\"ReadAction\",\"target\":[\"https:\\\/\\\/ruth2m.com\\\/shop\\\/?product=libreta-mujeresconhistoria\"]}]},{\"@type\":\"ImageObject\",\"inLanguage\":\"es\",\"@id\":\"https:\\\/\\\/ruth2m.com\\\/shop\\\/?product=libreta-mujeresconhistoria#primaryimage\",\"url\":\"https:\\\/\\\/ruth2m.com\\\/shop\\\/wp-content\\\/uploads\\\/2020\\\/04\\\/MujeresConHistoria_LIBRETAante.jpg\",\"contentUrl\":\"https:\\\/\\\/ruth2m.com\\\/shop\\\/wp-content\\\/uploads\\\/2020\\\/04\\\/MujeresConHistoria_LIBRETAante.jpg\",\"width\":1600,\"height\":1600,\"caption\":\"MujeresConHistoria_mujeresimportantesenlaciencia_LIBRETAante\"},{\"@type\":\"BreadcrumbList\",\"@id\":\"https:\\\/\\\/ruth2m.com\\\/shop\\\/?product=libreta-mujeresconhistoria#breadcrumb\",\"itemListElement\":[{\"@type\":\"ListItem\",\"position\":1,\"name\":\"Portada\",\"item\":\"https:\\\/\\\/ruth2m.com\\\/shop\\\/\"},{\"@type\":\"ListItem\",\"position\":2,\"name\":\"Shop\",\"item\":\"https:\\\/\\\/ruth2m.com\\\/shop\\\/?page_id=6\"},{\"@type\":\"ListItem\",\"position\":3,\"name\":\"LIBRETA &#8216;MujeresConHistoria&#8217;\"}]},{\"@type\":\"WebSite\",\"@id\":\"https:\\\/\\\/ruth2m.com\\\/shop\\\/#website\",\"url\":\"https:\\\/\\\/ruth2m.com\\\/shop\\\/\",\"name\":\"ruth2mSHOP\",\"description\":\"PAPELERIA BONITA y stickers KAWAII, soluciones para FAMILIAS, regalos originales y personalizados, TALLERES de dibujo y c\u00f3mic MANGA\",\"potentialAction\":[{\"@type\":\"SearchAction\",\"target\":{\"@type\":\"EntryPoint\",\"urlTemplate\":\"https:\\\/\\\/ruth2m.com\\\/shop\\\/?s={search_term_string}\"},\"query-input\":{\"@type\":\"PropertyValueSpecification\",\"valueRequired\":true,\"valueName\":\"search_term_string\"}}],\"inLanguage\":\"es\"}]}<\/script>\n<!-- \/ Yoast SEO plugin. -->","yoast_head_json":{"title":"LIBRETA 'MujeresConHistoria' - ruth2mSHOP","robots":{"index":"index","follow":"follow","max-snippet":"max-snippet:-1","max-image-preview":"max-image-preview:large","max-video-preview":"max-video-preview:-1"},"canonical":"https:\/\/ruth2m.com\/shop\/?product=libreta-mujeresconhistoria","og_locale":"es_ES","og_type":"article","og_title":"LIBRETA 'MujeresConHistoria' - ruth2mSHOP","og_description":"Una libreta con frase inspiradora, en el reverso, que nos recuerda algunas de las mujeres m\u00e1s importantes de la historia. Las ilustraciones forman parte de un juego descargable ilustrado para BuhoCo ...pero ademas quise traerlo en forma de libreta, impreso por PrintLife.  Puedes adquirir la libreta haciendo una pre-reserva y cuando alcance las 20 unidades empezar\u00e1n a imprimirse. (Los procesos de env\u00edo se demorar\u00e1n un poco, debido a la situaci\u00f3n actual)","og_url":"https:\/\/ruth2m.com\/shop\/?product=libreta-mujeresconhistoria","og_site_name":"ruth2mSHOP","article_modified_time":"2024-07-18T18:39:46+00:00","og_image":[{"width":1600,"height":1600,"url":"https:\/\/ruth2m.com\/shop\/wp-content\/uploads\/2020\/04\/MujeresConHistoria_LIBRETAante.jpg","type":"image\/jpeg"}],"twitter_card":"summary_large_image","schema":{"@context":"https:\/\/schema.org","@graph":[{"@type":"WebPage","@id":"https:\/\/ruth2m.com\/shop\/?product=libreta-mujeresconhistoria","url":"https:\/\/ruth2m.com\/shop\/?product=libreta-mujeresconhistoria","name":"LIBRETA 'MujeresConHistoria' - ruth2mSHOP","isPartOf":{"@id":"https:\/\/ruth2m.com\/shop\/#website"},"primaryImageOfPage":{"@id":"https:\/\/ruth2m.com\/shop\/?product=libreta-mujeresconhistoria#primaryimage"},"image":{"@id":"https:\/\/ruth2m.com\/shop\/?product=libreta-mujeresconhistoria#primaryimage"},"thumbnailUrl":"https:\/\/ruth2m.com\/shop\/wp-content\/uploads\/2020\/04\/MujeresConHistoria_LIBRETAante.jpg","datePublished":"2020-04-08T20:54:16+00:00","dateModified":"2024-07-18T18:39:46+00:00","breadcrumb":{"@id":"https:\/\/ruth2m.com\/shop\/?product=libreta-mujeresconhistoria#breadcrumb"},"inLanguage":"es","potentialAction":[{"@type":"ReadAction","target":["https:\/\/ruth2m.com\/shop\/?product=libreta-mujeresconhistoria"]}]},{"@type":"ImageObject","inLanguage":"es","@id":"https:\/\/ruth2m.com\/shop\/?product=libreta-mujeresconhistoria#primaryimage","url":"https:\/\/ruth2m.com\/shop\/wp-content\/uploads\/2020\/04\/MujeresConHistoria_LIBRETAante.jpg","contentUrl":"https:\/\/ruth2m.com\/shop\/wp-content\/uploads\/2020\/04\/MujeresConHistoria_LIBRETAante.jpg","width":1600,"height":1600,"caption":"MujeresConHistoria_mujeresimportantesenlaciencia_LIBRETAante"},{"@type":"BreadcrumbList","@id":"https:\/\/ruth2m.com\/shop\/?product=libreta-mujeresconhistoria#breadcrumb","itemListElement":[{"@type":"ListItem","position":1,"name":"Portada","item":"https:\/\/ruth2m.com\/shop\/"},{"@type":"ListItem","position":2,"name":"Shop","item":"https:\/\/ruth2m.com\/shop\/?page_id=6"},{"@type":"ListItem","position":3,"name":"LIBRETA &#8216;MujeresConHistoria&#8217;"}]},{"@type":"WebSite","@id":"https:\/\/ruth2m.com\/shop\/#website","url":"https:\/\/ruth2m.com\/shop\/","name":"ruth2mSHOP","description":"PAPELERIA BONITA y stickers KAWAII, soluciones para FAMILIAS, regalos originales y personalizados, TALLERES de dibujo y c\u00f3mic MANGA","potentialAction":[{"@type":"SearchAction","target":{"@type":"EntryPoint","urlTemplate":"https:\/\/ruth2m.com\/shop\/?s={search_term_string}"},"query-input":{"@type":"PropertyValueSpecification","valueRequired":true,"valueName":"search_term_string"}}],"inLanguage":"es"}]}},"jetpack_publicize_connections":[],"jetpack_sharing_enabled":true,"_links":{"self":[{"href":"https:\/\/ruth2m.com\/shop\/index.php?rest_route=\/wp\/v2\/product\/83","targetHints":{"allow":["GET"]}}],"collection":[{"href":"https:\/\/ruth2m.com\/shop\/index.php?rest_route=\/wp\/v2\/product"}],"about":[{"href":"https:\/\/ruth2m.com\/shop\/index.php?rest_route=\/wp\/v2\/types\/product"}],"replies":[{"embeddable":true,"href":"https:\/\/ruth2m.com\/shop\/index.php?rest_route=%2Fwp%2Fv2%2Fcomments&post=83"}],"wp:featuredmedia":[{"embeddable":true,"href":"https:\/\/ruth2m.com\/shop\/index.php?rest_route=\/wp\/v2\/media\/94"}],"wp:attachment":[{"href":"https:\/\/ruth2m.com\/shop\/index.php?rest_route=%2Fwp%2Fv2%2Fmedia&parent=83"}],"wp:term":[{"taxonomy":"product_brand","embeddable":true,"href":"https:\/\/ruth2m.com\/shop\/index.php?rest_route=%2Fwp%2Fv2%2Fproduct_brand&post=83"},{"taxonomy":"product_cat","embeddable":true,"href":"https:\/\/ruth2m.com\/shop\/index.php?rest_route=%2Fwp%2Fv2%2Fproduct_cat&post=83"},{"taxonomy":"product_tag","embeddable":true,"href":"https:\/\/ruth2m.com\/shop\/index.php?rest_route=%2Fwp%2Fv2%2Fproduct_tag&post=83"}],"curies":[{"name":"wp","href":"https:\/\/api.w.org\/{rel}","templated":true}]}}