{"id":921,"date":"2022-01-04T23:03:27","date_gmt":"2022-01-04T22:03:27","guid":{"rendered":"https:\/\/ruth2m.com\/shop\/?post_type=product&#038;p=921"},"modified":"2022-02-14T22:14:50","modified_gmt":"2022-02-14T21:14:50","slug":"taller-operaciomangaka","status":"publish","type":"product","link":"https:\/\/ruth2m.com\/shop\/?product=taller-operaciomangaka","title":{"rendered":"taller operaci\u00f3MANGAKA"},"content":{"rendered":"<p><strong>\u00a0taller operaci\u00f3MANGAKA presencial<br \/>\n<\/strong><strong><a class=\"notranslate\" tabindex=\"0\" href=\"https:\/\/www.instagram.com\/mdeartesanas\/\">@mdeartesanas<\/a> c\/Tenor Masini,79 (Barcelona)<\/strong><\/p>\n<p>2 SESSIONES (repartidas en 2 d\u00edas, 2h cada sesi\u00f3n; 4h en total) donde aprenderemos las bases de la ilustraci\u00f3n MANGA \u2026y como resultado final, crearemos 1 FANZINE entre todos.<\/p>\n<p>En cada sesi\u00f3n trabajaremos un aspecto importante, empezando por la creaci\u00f3n individual de un personaje y acabando por la composici\u00f3n de nuestro c\u00f3mic \u00a0individual que formar\u00e1 parte del fanzine conjunto.<\/p>\n<p>En cada una de las sesiones los alumnos recibir\u00e1n un dossier explicativo, que ayudar\u00e1 a reforzar conceptos y como estudio posterior para practicar en casa, dise\u00f1ado by <a class=\"notranslate\" tabindex=\"0\" href=\"https:\/\/www.instagram.com\/ruth2m\/\">@ruth2m<\/a> \u00a0&#8230;<strong>\u00a1seremos como aut\u00e9nticos MANGAKAS!<\/strong><\/p>\n<p>&nbsp;<\/p>\n<p>TODO EL MATERIAL INCLUIDO<br \/>\n1a sesi\u00f3n. <b>PERSONAJE<\/b> VIERNES 28 de 17:30h a 19:30h\u2063\u2063<br \/>\n2a sesi\u00f3n. <b>COMPOSICI\u00d3N<\/b> VIERNES 4 de 17:30h a 19:30h\u2063\u2063<\/p>\n<p>\u2800\u2800\u2800\u2800\u2800\u2800\u2800\u2800\u2800<\/p>\n","protected":false},"excerpt":{"rendered":"<p><strong>\u00a0taller operaci\u00f3MANGAKA presencial<br \/>\n<\/strong><strong><a class=\"notranslate\" tabindex=\"0\" href=\"https:\/\/www.instagram.com\/mdeartesanas\/\">@mdeartesanas<\/a> c\/Tenor Masini,79 (Barcelona)<\/strong><\/p>\n<p>2 SESSIONES (repartidas en 2 d\u00edas, 2h cada sesi\u00f3n; 4h en total) donde aprenderemos las bases de la ilustraci\u00f3n MANGA \u2026y como resultado final, crearemos 1 FANZINE entre todos.<\/p>\n<p>En cada sesi\u00f3n trabajaremos un aspecto importante, empezando por la creaci\u00f3n individual de un personaje y acabando por la composici\u00f3n de nuestro c\u00f3mic \u00a0individual que formar\u00e1 parte del fanzine conjunto.<\/p>\n<p>En cada una de las sesiones los alumnos recibir\u00e1n un dossier explicativo, que ayudar\u00e1 a reforzar conceptos y como estudio posterior para practicar en casa, dise\u00f1ado by <a class=\"notranslate\" tabindex=\"0\" href=\"https:\/\/www.instagram.com\/ruth2m\/\">@ruth2m<\/a> \u00a0&#8230;<strong>\u00a1seremos como aut\u00e9nticos MANGAKAS!<\/strong><\/p>\n<p>&nbsp;<\/p>\n<p>TODO EL MATERIAL INCLUIDO<br \/>\n1a sesi\u00f3n. <b>PERSONAJE<\/b> VIERNES 28 de 17:30h a 19:30h\u2063\u2063<br \/>\n2a sesi\u00f3n. <b>COMPOSICI\u00d3N<\/b> VIERNES 4 de 17:30h a 19:30h\u2063\u2063<\/p>\n<p>\u2800\u2800\u2800\u2800\u2800\u2800\u2800\u2800\u2800<\/p>\n","protected":false},"featured_media":922,"comment_status":"open","ping_status":"closed","template":"","meta":{"jetpack_post_was_ever_published":false,"jetpack_publicize_message":"","jetpack_publicize_feature_enabled":true,"jetpack_social_post_already_shared":true,"jetpack_social_options":{"image_generator_settings":{"template":"highway","default_image_id":0,"font":"","enabled":false},"version":2}},"product_brand":[],"product_cat":[15,78],"product_tag":[77],"class_list":{"0":"post-921","1":"product","2":"type-product","3":"status-publish","4":"has-post-thumbnail","6":"product_cat-ruth2mshop","7":"product_cat-tallerpresencial","8":"product_tag-tallerpresencial","10":"first","11":"outofstock","12":"virtual","13":"taxable","14":"purchasable","15":"product-type-simple"},"yoast_head":"<!-- This site is optimized with the Yoast SEO plugin v27.2 - https:\/\/yoast.com\/product\/yoast-seo-wordpress\/ -->\n<title>taller operaci\u00f3MANGAKA - ruth2mSHOP<\/title>\n<meta name=\"description\" content=\"En este taller presencial en M de Artesanas (Barcelona) aprender la base del dibujo manga y crear un fanzine ...seremos aut\u00e9nticos mangakas!\" \/>\n<meta name=\"robots\" content=\"index, follow, max-snippet:-1, max-image-preview:large, max-video-preview:-1\" \/>\n<link rel=\"canonical\" href=\"https:\/\/ruth2m.com\/shop\/?product=taller-operaciomangaka\" \/>\n<meta property=\"og:locale\" content=\"es_ES\" \/>\n<meta property=\"og:type\" content=\"article\" \/>\n<meta property=\"og:title\" content=\"taller operaci\u00f3MANGAKA - ruth2mSHOP\" \/>\n<meta property=\"og:description\" content=\"En este taller presencial en M de Artesanas (Barcelona) aprender la base del dibujo manga y crear un fanzine ...seremos aut\u00e9nticos mangakas!\" \/>\n<meta property=\"og:url\" content=\"https:\/\/ruth2m.com\/shop\/?product=taller-operaciomangaka\" \/>\n<meta property=\"og:site_name\" content=\"ruth2mSHOP\" \/>\n<meta property=\"article:modified_time\" content=\"2022-02-14T21:14:50+00:00\" \/>\n<meta property=\"og:image\" content=\"https:\/\/ruth2m.com\/shop\/wp-content\/uploads\/2022\/01\/2BA76D6A-F492-4B68-B9A3-1DD16F343D15.jpeg\" \/>\n\t<meta property=\"og:image:width\" content=\"1356\" \/>\n\t<meta property=\"og:image:height\" content=\"1356\" \/>\n\t<meta property=\"og:image:type\" content=\"image\/jpeg\" \/>\n<meta name=\"twitter:card\" content=\"summary_large_image\" \/>\n<meta name=\"twitter:label1\" content=\"Tiempo de lectura\" \/>\n\t<meta name=\"twitter:data1\" content=\"1 minuto\" \/>\n<script type=\"application\/ld+json\" class=\"yoast-schema-graph\">{\"@context\":\"https:\/\/schema.org\",\"@graph\":[{\"@type\":\"WebPage\",\"@id\":\"https:\/\/ruth2m.com\/shop\/?product=taller-operaciomangaka\",\"url\":\"https:\/\/ruth2m.com\/shop\/?product=taller-operaciomangaka\",\"name\":\"taller operaci\u00f3MANGAKA - ruth2mSHOP\",\"isPartOf\":{\"@id\":\"https:\/\/ruth2m.com\/shop\/#website\"},\"primaryImageOfPage\":{\"@id\":\"https:\/\/ruth2m.com\/shop\/?product=taller-operaciomangaka#primaryimage\"},\"image\":{\"@id\":\"https:\/\/ruth2m.com\/shop\/?product=taller-operaciomangaka#primaryimage\"},\"thumbnailUrl\":\"https:\/\/ruth2m.com\/shop\/wp-content\/uploads\/2022\/01\/2BA76D6A-F492-4B68-B9A3-1DD16F343D15.jpeg\",\"datePublished\":\"2022-01-04T22:03:27+00:00\",\"dateModified\":\"2022-02-14T21:14:50+00:00\",\"description\":\"En este taller presencial en M de Artesanas (Barcelona) aprender la base del dibujo manga y crear un fanzine ...seremos aut\u00e9nticos mangakas!\",\"breadcrumb\":{\"@id\":\"https:\/\/ruth2m.com\/shop\/?product=taller-operaciomangaka#breadcrumb\"},\"inLanguage\":\"es\",\"potentialAction\":[{\"@type\":\"ReadAction\",\"target\":[\"https:\/\/ruth2m.com\/shop\/?product=taller-operaciomangaka\"]}]},{\"@type\":\"ImageObject\",\"inLanguage\":\"es\",\"@id\":\"https:\/\/ruth2m.com\/shop\/?product=taller-operaciomangaka#primaryimage\",\"url\":\"https:\/\/ruth2m.com\/shop\/wp-content\/uploads\/2022\/01\/2BA76D6A-F492-4B68-B9A3-1DD16F343D15.jpeg\",\"contentUrl\":\"https:\/\/ruth2m.com\/shop\/wp-content\/uploads\/2022\/01\/2BA76D6A-F492-4B68-B9A3-1DD16F343D15.jpeg\",\"width\":1356,\"height\":1356},{\"@type\":\"BreadcrumbList\",\"@id\":\"https:\/\/ruth2m.com\/shop\/?product=taller-operaciomangaka#breadcrumb\",\"itemListElement\":[{\"@type\":\"ListItem\",\"position\":1,\"name\":\"Portada\",\"item\":\"https:\/\/ruth2m.com\/shop\/\"},{\"@type\":\"ListItem\",\"position\":2,\"name\":\"Shop\",\"item\":\"https:\/\/ruth2m.com\/shop\/?page_id=6\"},{\"@type\":\"ListItem\",\"position\":3,\"name\":\"taller operaci\u00f3MANGAKA\"}]},{\"@type\":\"WebSite\",\"@id\":\"https:\/\/ruth2m.com\/shop\/#website\",\"url\":\"https:\/\/ruth2m.com\/shop\/\",\"name\":\"ruth2mSHOP\",\"description\":\"PAPELERIA BONITA y stickers KAWAII, soluciones para FAMILIAS, regalos originales y personalizados, TALLERES de dibujo y c\u00f3mic MANGA\",\"potentialAction\":[{\"@type\":\"SearchAction\",\"target\":{\"@type\":\"EntryPoint\",\"urlTemplate\":\"https:\/\/ruth2m.com\/shop\/?s={search_term_string}\"},\"query-input\":{\"@type\":\"PropertyValueSpecification\",\"valueRequired\":true,\"valueName\":\"search_term_string\"}}],\"inLanguage\":\"es\"}]}<\/script>\n<!-- \/ Yoast SEO plugin. -->","yoast_head_json":{"title":"taller operaci\u00f3MANGAKA - ruth2mSHOP","description":"En este taller presencial en M de Artesanas (Barcelona) aprender la base del dibujo manga y crear un fanzine ...seremos aut\u00e9nticos mangakas!","robots":{"index":"index","follow":"follow","max-snippet":"max-snippet:-1","max-image-preview":"max-image-preview:large","max-video-preview":"max-video-preview:-1"},"canonical":"https:\/\/ruth2m.com\/shop\/?product=taller-operaciomangaka","og_locale":"es_ES","og_type":"article","og_title":"taller operaci\u00f3MANGAKA - ruth2mSHOP","og_description":"En este taller presencial en M de Artesanas (Barcelona) aprender la base del dibujo manga y crear un fanzine ...seremos aut\u00e9nticos mangakas!","og_url":"https:\/\/ruth2m.com\/shop\/?product=taller-operaciomangaka","og_site_name":"ruth2mSHOP","article_modified_time":"2022-02-14T21:14:50+00:00","og_image":[{"width":1356,"height":1356,"url":"https:\/\/ruth2m.com\/shop\/wp-content\/uploads\/2022\/01\/2BA76D6A-F492-4B68-B9A3-1DD16F343D15.jpeg","type":"image\/jpeg"}],"twitter_card":"summary_large_image","twitter_misc":{"Tiempo de lectura":"1 minuto"},"schema":{"@context":"https:\/\/schema.org","@graph":[{"@type":"WebPage","@id":"https:\/\/ruth2m.com\/shop\/?product=taller-operaciomangaka","url":"https:\/\/ruth2m.com\/shop\/?product=taller-operaciomangaka","name":"taller operaci\u00f3MANGAKA - ruth2mSHOP","isPartOf":{"@id":"https:\/\/ruth2m.com\/shop\/#website"},"primaryImageOfPage":{"@id":"https:\/\/ruth2m.com\/shop\/?product=taller-operaciomangaka#primaryimage"},"image":{"@id":"https:\/\/ruth2m.com\/shop\/?product=taller-operaciomangaka#primaryimage"},"thumbnailUrl":"https:\/\/ruth2m.com\/shop\/wp-content\/uploads\/2022\/01\/2BA76D6A-F492-4B68-B9A3-1DD16F343D15.jpeg","datePublished":"2022-01-04T22:03:27+00:00","dateModified":"2022-02-14T21:14:50+00:00","description":"En este taller presencial en M de Artesanas (Barcelona) aprender la base del dibujo manga y crear un fanzine ...seremos aut\u00e9nticos mangakas!","breadcrumb":{"@id":"https:\/\/ruth2m.com\/shop\/?product=taller-operaciomangaka#breadcrumb"},"inLanguage":"es","potentialAction":[{"@type":"ReadAction","target":["https:\/\/ruth2m.com\/shop\/?product=taller-operaciomangaka"]}]},{"@type":"ImageObject","inLanguage":"es","@id":"https:\/\/ruth2m.com\/shop\/?product=taller-operaciomangaka#primaryimage","url":"https:\/\/ruth2m.com\/shop\/wp-content\/uploads\/2022\/01\/2BA76D6A-F492-4B68-B9A3-1DD16F343D15.jpeg","contentUrl":"https:\/\/ruth2m.com\/shop\/wp-content\/uploads\/2022\/01\/2BA76D6A-F492-4B68-B9A3-1DD16F343D15.jpeg","width":1356,"height":1356},{"@type":"BreadcrumbList","@id":"https:\/\/ruth2m.com\/shop\/?product=taller-operaciomangaka#breadcrumb","itemListElement":[{"@type":"ListItem","position":1,"name":"Portada","item":"https:\/\/ruth2m.com\/shop\/"},{"@type":"ListItem","position":2,"name":"Shop","item":"https:\/\/ruth2m.com\/shop\/?page_id=6"},{"@type":"ListItem","position":3,"name":"taller operaci\u00f3MANGAKA"}]},{"@type":"WebSite","@id":"https:\/\/ruth2m.com\/shop\/#website","url":"https:\/\/ruth2m.com\/shop\/","name":"ruth2mSHOP","description":"PAPELERIA BONITA y stickers KAWAII, soluciones para FAMILIAS, regalos originales y personalizados, TALLERES de dibujo y c\u00f3mic MANGA","potentialAction":[{"@type":"SearchAction","target":{"@type":"EntryPoint","urlTemplate":"https:\/\/ruth2m.com\/shop\/?s={search_term_string}"},"query-input":{"@type":"PropertyValueSpecification","valueRequired":true,"valueName":"search_term_string"}}],"inLanguage":"es"}]}},"jetpack_publicize_connections":[],"jetpack_sharing_enabled":true,"_links":{"self":[{"href":"https:\/\/ruth2m.com\/shop\/index.php?rest_route=\/wp\/v2\/product\/921","targetHints":{"allow":["GET"]}}],"collection":[{"href":"https:\/\/ruth2m.com\/shop\/index.php?rest_route=\/wp\/v2\/product"}],"about":[{"href":"https:\/\/ruth2m.com\/shop\/index.php?rest_route=\/wp\/v2\/types\/product"}],"replies":[{"embeddable":true,"href":"https:\/\/ruth2m.com\/shop\/index.php?rest_route=%2Fwp%2Fv2%2Fcomments&post=921"}],"wp:featuredmedia":[{"embeddable":true,"href":"https:\/\/ruth2m.com\/shop\/index.php?rest_route=\/wp\/v2\/media\/922"}],"wp:attachment":[{"href":"https:\/\/ruth2m.com\/shop\/index.php?rest_route=%2Fwp%2Fv2%2Fmedia&parent=921"}],"wp:term":[{"taxonomy":"product_brand","embeddable":true,"href":"https:\/\/ruth2m.com\/shop\/index.php?rest_route=%2Fwp%2Fv2%2Fproduct_brand&post=921"},{"taxonomy":"product_cat","embeddable":true,"href":"https:\/\/ruth2m.com\/shop\/index.php?rest_route=%2Fwp%2Fv2%2Fproduct_cat&post=921"},{"taxonomy":"product_tag","embeddable":true,"href":"https:\/\/ruth2m.com\/shop\/index.php?rest_route=%2Fwp%2Fv2%2Fproduct_tag&post=921"}],"curies":[{"name":"wp","href":"https:\/\/api.w.org\/{rel}","templated":true}]}}