{"id":925,"date":"2022-01-05T22:00:56","date_gmt":"2022-01-05T21:00:56","guid":{"rendered":"https:\/\/ruth2m.com\/shop\/?post_type=product&#038;p=925"},"modified":"2024-04-08T14:58:32","modified_gmt":"2024-04-08T12:58:32","slug":"stickers-ano-del-tigre","status":"publish","type":"product","link":"https:\/\/ruth2m.com\/shop\/?product=stickers-ano-del-tigre","title":{"rendered":"stickers A\u00d1O DEL TIGRE"},"content":{"rendered":"<p>set de <strong>7 pegatinas ESPECIAL<\/strong> feliz a\u00f1o nuevo<br \/>\n4 PERSONAJES + 3 OBJETOS del a\u00f1o nuevo japon\u00e9s (kagamimochi\u00a0\u93e1\u9905 | kadomatsu \u9580\u677e | shimekazari \u6ce8\u9023\u98fe\u308a) para celebrar este A\u00d1O DEL TIGRE 2022<\/p>\n<p>dimensiones del pack 15 x 10 cm<\/p>\n<p>ilustraciones originales by ruth2m<br \/>\nstickers troquelados en papel adhesivo, packaging especial rojo y dorado<\/p>\n","protected":false},"excerpt":{"rendered":"<p>set de <strong>7 pegatinas ESPECIAL<\/strong> feliz a\u00f1o nuevo<br \/>\n4 PERSONAJES + 3 OBJETOS del a\u00f1o nuevo japon\u00e9s (kagamimochi\u00a0\u93e1\u9905 | kadomatsu \u9580\u677e | shimekazari \u6ce8\u9023\u98fe\u308a) para celebrar este A\u00d1O DEL TIGRE 2022<\/p>\n<p>dimensiones del pack 15 x 10 cm<\/p>\n<p>ilustraciones originales by ruth2m<br \/>\nstickers troquelados en papel adhesivo, packaging especial rojo y dorado<\/p>\n","protected":false},"featured_media":926,"comment_status":"open","ping_status":"closed","template":"","meta":{"jetpack_post_was_ever_published":false,"jetpack_publicize_message":"","jetpack_publicize_feature_enabled":true,"jetpack_social_post_already_shared":true,"jetpack_social_options":{"image_generator_settings":{"template":"highway","default_image_id":0,"font":"","enabled":false},"version":2}},"product_brand":[],"product_cat":[54,53],"product_tag":[81],"class_list":{"0":"post-925","1":"product","2":"type-product","3":"status-publish","4":"has-post-thumbnail","6":"product_cat-papeleria","7":"product_cat-pegatinas","8":"product_tag-stickers-pegatinas-papeleriabonita-japan-culturajaponesa-japon-anodeltigre","10":"first","11":"outofstock","12":"taxable","13":"shipping-taxable","14":"purchasable","15":"product-type-simple"},"yoast_head":"<!-- This site is optimized with the Yoast SEO plugin v27.4 - https:\/\/yoast.com\/product\/yoast-seo-wordpress\/ -->\n<title>stickers A\u00d1O DEL TIGRE - ruth2mSHOP<\/title>\n<meta name=\"robots\" content=\"index, follow, max-snippet:-1, max-image-preview:large, max-video-preview:-1\" \/>\n<link rel=\"canonical\" href=\"https:\/\/ruth2m.com\/shop\/?product=stickers-ano-del-tigre\" \/>\n<meta property=\"og:locale\" content=\"es_ES\" \/>\n<meta property=\"og:type\" content=\"article\" \/>\n<meta property=\"og:title\" content=\"stickers A\u00d1O DEL TIGRE - ruth2mSHOP\" \/>\n<meta property=\"og:description\" content=\"set de 7 pegatinas ESPECIAL feliz a\u00f1o nuevo 4 PERSONAJES + 3 OBJETOS del a\u00f1o nuevo japon\u00e9s (kagamimochi\u00a0\u93e1\u9905 | kadomatsu \u9580\u677e | shimekazari \u6ce8\u9023\u98fe\u308a) para celebrar este A\u00d1O DEL TIGRE 2022  dimensiones del pack 15 x 10 cm  ilustraciones originales by ruth2m stickers troquelados en papel adhesivo, packaging especial rojo y dorado\" \/>\n<meta property=\"og:url\" content=\"https:\/\/ruth2m.com\/shop\/?product=stickers-ano-del-tigre\" \/>\n<meta property=\"og:site_name\" content=\"ruth2mSHOP\" \/>\n<meta property=\"article:modified_time\" content=\"2024-04-08T12:58:32+00:00\" \/>\n<meta property=\"og:image\" content=\"https:\/\/ruth2m.com\/shop\/wp-content\/uploads\/2022\/01\/771F6D41-4606-4E67-BAEE-7AFCC83A7B30-scaled.jpeg\" \/>\n\t<meta property=\"og:image:width\" content=\"2560\" \/>\n\t<meta property=\"og:image:height\" content=\"2560\" \/>\n\t<meta property=\"og:image:type\" content=\"image\/jpeg\" \/>\n<meta name=\"twitter:card\" content=\"summary_large_image\" \/>\n<meta name=\"twitter:label1\" content=\"Tiempo de lectura\" \/>\n\t<meta name=\"twitter:data1\" content=\"1 minuto\" \/>\n<script type=\"application\/ld+json\" class=\"yoast-schema-graph\">{\"@context\":\"https:\\\/\\\/schema.org\",\"@graph\":[{\"@type\":\"WebPage\",\"@id\":\"https:\\\/\\\/ruth2m.com\\\/shop\\\/?product=stickers-ano-del-tigre\",\"url\":\"https:\\\/\\\/ruth2m.com\\\/shop\\\/?product=stickers-ano-del-tigre\",\"name\":\"stickers A\u00d1O DEL TIGRE - ruth2mSHOP\",\"isPartOf\":{\"@id\":\"https:\\\/\\\/ruth2m.com\\\/shop\\\/#website\"},\"primaryImageOfPage\":{\"@id\":\"https:\\\/\\\/ruth2m.com\\\/shop\\\/?product=stickers-ano-del-tigre#primaryimage\"},\"image\":{\"@id\":\"https:\\\/\\\/ruth2m.com\\\/shop\\\/?product=stickers-ano-del-tigre#primaryimage\"},\"thumbnailUrl\":\"https:\\\/\\\/ruth2m.com\\\/shop\\\/wp-content\\\/uploads\\\/2022\\\/01\\\/771F6D41-4606-4E67-BAEE-7AFCC83A7B30-scaled.jpeg\",\"datePublished\":\"2022-01-05T21:00:56+00:00\",\"dateModified\":\"2024-04-08T12:58:32+00:00\",\"breadcrumb\":{\"@id\":\"https:\\\/\\\/ruth2m.com\\\/shop\\\/?product=stickers-ano-del-tigre#breadcrumb\"},\"inLanguage\":\"es\",\"potentialAction\":[{\"@type\":\"ReadAction\",\"target\":[\"https:\\\/\\\/ruth2m.com\\\/shop\\\/?product=stickers-ano-del-tigre\"]}]},{\"@type\":\"ImageObject\",\"inLanguage\":\"es\",\"@id\":\"https:\\\/\\\/ruth2m.com\\\/shop\\\/?product=stickers-ano-del-tigre#primaryimage\",\"url\":\"https:\\\/\\\/ruth2m.com\\\/shop\\\/wp-content\\\/uploads\\\/2022\\\/01\\\/771F6D41-4606-4E67-BAEE-7AFCC83A7B30-scaled.jpeg\",\"contentUrl\":\"https:\\\/\\\/ruth2m.com\\\/shop\\\/wp-content\\\/uploads\\\/2022\\\/01\\\/771F6D41-4606-4E67-BAEE-7AFCC83A7B30-scaled.jpeg\",\"width\":2560,\"height\":2560,\"caption\":\"TIGER kawaii stickers A\u00d1O NUEVO DEL TIGRE 2022\"},{\"@type\":\"BreadcrumbList\",\"@id\":\"https:\\\/\\\/ruth2m.com\\\/shop\\\/?product=stickers-ano-del-tigre#breadcrumb\",\"itemListElement\":[{\"@type\":\"ListItem\",\"position\":1,\"name\":\"Portada\",\"item\":\"https:\\\/\\\/ruth2m.com\\\/shop\\\/\"},{\"@type\":\"ListItem\",\"position\":2,\"name\":\"Shop\",\"item\":\"https:\\\/\\\/ruth2m.com\\\/shop\\\/?page_id=6\"},{\"@type\":\"ListItem\",\"position\":3,\"name\":\"stickers A\u00d1O DEL TIGRE\"}]},{\"@type\":\"WebSite\",\"@id\":\"https:\\\/\\\/ruth2m.com\\\/shop\\\/#website\",\"url\":\"https:\\\/\\\/ruth2m.com\\\/shop\\\/\",\"name\":\"ruth2mSHOP\",\"description\":\"PAPELERIA BONITA y stickers KAWAII, soluciones para FAMILIAS, regalos originales y personalizados, TALLERES de dibujo y c\u00f3mic MANGA\",\"potentialAction\":[{\"@type\":\"SearchAction\",\"target\":{\"@type\":\"EntryPoint\",\"urlTemplate\":\"https:\\\/\\\/ruth2m.com\\\/shop\\\/?s={search_term_string}\"},\"query-input\":{\"@type\":\"PropertyValueSpecification\",\"valueRequired\":true,\"valueName\":\"search_term_string\"}}],\"inLanguage\":\"es\"}]}<\/script>\n<!-- \/ Yoast SEO plugin. -->","yoast_head_json":{"title":"stickers A\u00d1O DEL TIGRE - ruth2mSHOP","robots":{"index":"index","follow":"follow","max-snippet":"max-snippet:-1","max-image-preview":"max-image-preview:large","max-video-preview":"max-video-preview:-1"},"canonical":"https:\/\/ruth2m.com\/shop\/?product=stickers-ano-del-tigre","og_locale":"es_ES","og_type":"article","og_title":"stickers A\u00d1O DEL TIGRE - ruth2mSHOP","og_description":"set de 7 pegatinas ESPECIAL feliz a\u00f1o nuevo 4 PERSONAJES + 3 OBJETOS del a\u00f1o nuevo japon\u00e9s (kagamimochi\u00a0\u93e1\u9905 | kadomatsu \u9580\u677e | shimekazari \u6ce8\u9023\u98fe\u308a) para celebrar este A\u00d1O DEL TIGRE 2022  dimensiones del pack 15 x 10 cm  ilustraciones originales by ruth2m stickers troquelados en papel adhesivo, packaging especial rojo y dorado","og_url":"https:\/\/ruth2m.com\/shop\/?product=stickers-ano-del-tigre","og_site_name":"ruth2mSHOP","article_modified_time":"2024-04-08T12:58:32+00:00","og_image":[{"width":2560,"height":2560,"url":"https:\/\/ruth2m.com\/shop\/wp-content\/uploads\/2022\/01\/771F6D41-4606-4E67-BAEE-7AFCC83A7B30-scaled.jpeg","type":"image\/jpeg"}],"twitter_card":"summary_large_image","twitter_misc":{"Tiempo de lectura":"1 minuto"},"schema":{"@context":"https:\/\/schema.org","@graph":[{"@type":"WebPage","@id":"https:\/\/ruth2m.com\/shop\/?product=stickers-ano-del-tigre","url":"https:\/\/ruth2m.com\/shop\/?product=stickers-ano-del-tigre","name":"stickers A\u00d1O DEL TIGRE - ruth2mSHOP","isPartOf":{"@id":"https:\/\/ruth2m.com\/shop\/#website"},"primaryImageOfPage":{"@id":"https:\/\/ruth2m.com\/shop\/?product=stickers-ano-del-tigre#primaryimage"},"image":{"@id":"https:\/\/ruth2m.com\/shop\/?product=stickers-ano-del-tigre#primaryimage"},"thumbnailUrl":"https:\/\/ruth2m.com\/shop\/wp-content\/uploads\/2022\/01\/771F6D41-4606-4E67-BAEE-7AFCC83A7B30-scaled.jpeg","datePublished":"2022-01-05T21:00:56+00:00","dateModified":"2024-04-08T12:58:32+00:00","breadcrumb":{"@id":"https:\/\/ruth2m.com\/shop\/?product=stickers-ano-del-tigre#breadcrumb"},"inLanguage":"es","potentialAction":[{"@type":"ReadAction","target":["https:\/\/ruth2m.com\/shop\/?product=stickers-ano-del-tigre"]}]},{"@type":"ImageObject","inLanguage":"es","@id":"https:\/\/ruth2m.com\/shop\/?product=stickers-ano-del-tigre#primaryimage","url":"https:\/\/ruth2m.com\/shop\/wp-content\/uploads\/2022\/01\/771F6D41-4606-4E67-BAEE-7AFCC83A7B30-scaled.jpeg","contentUrl":"https:\/\/ruth2m.com\/shop\/wp-content\/uploads\/2022\/01\/771F6D41-4606-4E67-BAEE-7AFCC83A7B30-scaled.jpeg","width":2560,"height":2560,"caption":"TIGER kawaii stickers A\u00d1O NUEVO DEL TIGRE 2022"},{"@type":"BreadcrumbList","@id":"https:\/\/ruth2m.com\/shop\/?product=stickers-ano-del-tigre#breadcrumb","itemListElement":[{"@type":"ListItem","position":1,"name":"Portada","item":"https:\/\/ruth2m.com\/shop\/"},{"@type":"ListItem","position":2,"name":"Shop","item":"https:\/\/ruth2m.com\/shop\/?page_id=6"},{"@type":"ListItem","position":3,"name":"stickers A\u00d1O DEL TIGRE"}]},{"@type":"WebSite","@id":"https:\/\/ruth2m.com\/shop\/#website","url":"https:\/\/ruth2m.com\/shop\/","name":"ruth2mSHOP","description":"PAPELERIA BONITA y stickers KAWAII, soluciones para FAMILIAS, regalos originales y personalizados, TALLERES de dibujo y c\u00f3mic MANGA","potentialAction":[{"@type":"SearchAction","target":{"@type":"EntryPoint","urlTemplate":"https:\/\/ruth2m.com\/shop\/?s={search_term_string}"},"query-input":{"@type":"PropertyValueSpecification","valueRequired":true,"valueName":"search_term_string"}}],"inLanguage":"es"}]}},"jetpack_publicize_connections":[],"jetpack_sharing_enabled":true,"_links":{"self":[{"href":"https:\/\/ruth2m.com\/shop\/index.php?rest_route=\/wp\/v2\/product\/925","targetHints":{"allow":["GET"]}}],"collection":[{"href":"https:\/\/ruth2m.com\/shop\/index.php?rest_route=\/wp\/v2\/product"}],"about":[{"href":"https:\/\/ruth2m.com\/shop\/index.php?rest_route=\/wp\/v2\/types\/product"}],"replies":[{"embeddable":true,"href":"https:\/\/ruth2m.com\/shop\/index.php?rest_route=%2Fwp%2Fv2%2Fcomments&post=925"}],"wp:featuredmedia":[{"embeddable":true,"href":"https:\/\/ruth2m.com\/shop\/index.php?rest_route=\/wp\/v2\/media\/926"}],"wp:attachment":[{"href":"https:\/\/ruth2m.com\/shop\/index.php?rest_route=%2Fwp%2Fv2%2Fmedia&parent=925"}],"wp:term":[{"taxonomy":"product_brand","embeddable":true,"href":"https:\/\/ruth2m.com\/shop\/index.php?rest_route=%2Fwp%2Fv2%2Fproduct_brand&post=925"},{"taxonomy":"product_cat","embeddable":true,"href":"https:\/\/ruth2m.com\/shop\/index.php?rest_route=%2Fwp%2Fv2%2Fproduct_cat&post=925"},{"taxonomy":"product_tag","embeddable":true,"href":"https:\/\/ruth2m.com\/shop\/index.php?rest_route=%2Fwp%2Fv2%2Fproduct_tag&post=925"}],"curies":[{"name":"wp","href":"https:\/\/api.w.org\/{rel}","templated":true}]}}